{"id":4400,"date":"2024-08-17T11:42:28","date_gmt":"2024-08-17T11:42:28","guid":{"rendered":"https:\/\/nktours.ee\/?page_id=4400"},"modified":"2024-08-21T19:14:54","modified_gmt":"2024-08-21T19:14:54","slug":"egiptus","status":"publish","type":"page","link":"https:\/\/nktours.ee\/ru\/egiptus\/","title":{"rendered":"\u0415\u0433\u0438\u043f\u0435\u0442"},"content":{"rendered":"<div style=\"height:50px\" aria-hidden=\"true\" class=\"wp-block-spacer\"><\/div>\n\n\n\t\t\t\t\t<div\n\t\t\t\t\t\tclass=\"wp-block-uagb-image-gallery uagb-block-30d6b4d5\"\n\t\t\t\t\t\tstyle=\"\"\n\t\t\t\t\t>\n\t\t\t\t\t\t\t\t\t\t\t<div class=\"spectra-image-gallery spectra-image-gallery__layout--carousel\">\n\t\t\t\t\t\t\t\t<div class=\"uagb-slick-carousel uagb-block-30d6b4d5\">\n\t\t\t\t\t\t\t\t\t\t\t\t<div class='spectra-image-gallery__media-wrapper' data-spectra-gallery-image-id='4407'>\n\t\t\t\t\t\t\t<div class=\"spectra-image-gallery__media spectra-image-gallery__media--carousel\">\n\t\t\t\t<picture>\n\t\t\t\t\t<source media=\"(min-width: 1024px)\" srcset=\"https:\/\/nktours.ee\/wp-content\/uploads\/2024\/08\/egypt4-796x1024.jpeg\">\n\t\t\t\t\t<source media=\"(min-width: 768px)\" srcset=\"https:\/\/nktours.ee\/wp-content\/uploads\/2024\/08\/egypt4-796x1024.jpeg\">\n\t\t\t\t\t<img decoding=\"async\" class=\"spectra-image-gallery__media-thumbnail spectra-image-gallery__media-thumbnail--carousel\" src=\"https:\/\/nktours.ee\/wp-content\/uploads\/2024\/08\/egypt4-233x300.jpeg\" alt=\"\" loading=\"lazy\" \/>\n\t\t\t\t<\/picture>\n\t\t\t\t<div class=\"spectra-image-gallery__media-thumbnail-blurrer\"><\/div>\n\t\t\t\t\t\t\t\t\t\t\t<div class=\"spectra-image-gallery__media-thumbnail-caption-wrapper spectra-image-gallery__media-thumbnail-caption-wrapper--overlay\"><\/div>\n\t\t\t\t\t\t\t\t<\/div>\n\t\t\t\t\t\t<\/div>\n\t\t\t\t\t\t<div class='spectra-image-gallery__media-wrapper' data-spectra-gallery-image-id='4405'>\n\t\t\t\t\t\t\t<div class=\"spectra-image-gallery__media spectra-image-gallery__media--carousel\">\n\t\t\t\t<picture>\n\t\t\t\t\t<source media=\"(min-width: 1024px)\" srcset=\"https:\/\/nktours.ee\/wp-content\/uploads\/2024\/08\/egypt6-807x1024.jpeg\">\n\t\t\t\t\t<source media=\"(min-width: 768px)\" srcset=\"https:\/\/nktours.ee\/wp-content\/uploads\/2024\/08\/egypt6-807x1024.jpeg\">\n\t\t\t\t\t<img decoding=\"async\" class=\"spectra-image-gallery__media-thumbnail spectra-image-gallery__media-thumbnail--carousel\" src=\"https:\/\/nktours.ee\/wp-content\/uploads\/2024\/08\/egypt6-236x300.jpeg\" alt=\"\" loading=\"lazy\" \/>\n\t\t\t\t<\/picture>\n\t\t\t\t<div class=\"spectra-image-gallery__media-thumbnail-blurrer\"><\/div>\n\t\t\t\t\t\t\t\t\t\t\t<div class=\"spectra-image-gallery__media-thumbnail-caption-wrapper spectra-image-gallery__media-thumbnail-caption-wrapper--overlay\"><\/div>\n\t\t\t\t\t\t\t\t<\/div>\n\t\t\t\t\t\t<\/div>\n\t\t\t\t\t\t<div class='spectra-image-gallery__media-wrapper' data-spectra-gallery-image-id='4404'>\n\t\t\t\t\t\t\t<div class=\"spectra-image-gallery__media spectra-image-gallery__media--carousel\">\n\t\t\t\t<picture>\n\t\t\t\t\t<source media=\"(min-width: 1024px)\" srcset=\"https:\/\/nktours.ee\/wp-content\/uploads\/2024\/08\/egypt1-768x1024.jpeg\">\n\t\t\t\t\t<source media=\"(min-width: 768px)\" srcset=\"https:\/\/nktours.ee\/wp-content\/uploads\/2024\/08\/egypt1-768x1024.jpeg\">\n\t\t\t\t\t<img decoding=\"async\" class=\"spectra-image-gallery__media-thumbnail spectra-image-gallery__media-thumbnail--carousel\" src=\"https:\/\/nktours.ee\/wp-content\/uploads\/2024\/08\/egypt1-225x300.jpeg\" alt=\"\" loading=\"lazy\" \/>\n\t\t\t\t<\/picture>\n\t\t\t\t<div class=\"spectra-image-gallery__media-thumbnail-blurrer\"><\/div>\n\t\t\t\t\t\t\t\t\t\t\t<div class=\"spectra-image-gallery__media-thumbnail-caption-wrapper spectra-image-gallery__media-thumbnail-caption-wrapper--overlay\"><\/div>\n\t\t\t\t\t\t\t\t<\/div>\n\t\t\t\t\t\t<\/div>\n\t\t\t\t\t\t<div class='spectra-image-gallery__media-wrapper' data-spectra-gallery-image-id='4409'>\n\t\t\t\t\t\t\t<div class=\"spectra-image-gallery__media spectra-image-gallery__media--carousel\">\n\t\t\t\t<picture>\n\t\t\t\t\t<source media=\"(min-width: 1024px)\" srcset=\"https:\/\/nktours.ee\/wp-content\/uploads\/2024\/08\/egypt2-797x1024.jpeg\">\n\t\t\t\t\t<source media=\"(min-width: 768px)\" srcset=\"https:\/\/nktours.ee\/wp-content\/uploads\/2024\/08\/egypt2-797x1024.jpeg\">\n\t\t\t\t\t<img decoding=\"async\" class=\"spectra-image-gallery__media-thumbnail spectra-image-gallery__media-thumbnail--carousel\" src=\"https:\/\/nktours.ee\/wp-content\/uploads\/2024\/08\/egypt2-234x300.jpeg\" alt=\"\" loading=\"lazy\" \/>\n\t\t\t\t<\/picture>\n\t\t\t\t<div class=\"spectra-image-gallery__media-thumbnail-blurrer\"><\/div>\n\t\t\t\t\t\t\t\t\t\t\t<div class=\"spectra-image-gallery__media-thumbnail-caption-wrapper spectra-image-gallery__media-thumbnail-caption-wrapper--overlay\"><\/div>\n\t\t\t\t\t\t\t\t<\/div>\n\t\t\t\t\t\t<\/div>\n\t\t\t\t\t\t<div class='spectra-image-gallery__media-wrapper' data-spectra-gallery-image-id='4406'>\n\t\t\t\t\t\t\t<div class=\"spectra-image-gallery__media spectra-image-gallery__media--carousel\">\n\t\t\t\t<picture>\n\t\t\t\t\t<source media=\"(min-width: 1024px)\" srcset=\"https:\/\/nktours.ee\/wp-content\/uploads\/2024\/08\/egypt5-807x1024.jpeg\">\n\t\t\t\t\t<source media=\"(min-width: 768px)\" srcset=\"https:\/\/nktours.ee\/wp-content\/uploads\/2024\/08\/egypt5-807x1024.jpeg\">\n\t\t\t\t\t<img decoding=\"async\" class=\"spectra-image-gallery__media-thumbnail spectra-image-gallery__media-thumbnail--carousel\" src=\"https:\/\/nktours.ee\/wp-content\/uploads\/2024\/08\/egypt5-236x300.jpeg\" alt=\"\" loading=\"lazy\" \/>\n\t\t\t\t<\/picture>\n\t\t\t\t<div class=\"spectra-image-gallery__media-thumbnail-blurrer\"><\/div>\n\t\t\t\t\t\t\t\t\t\t\t<div class=\"spectra-image-gallery__media-thumbnail-caption-wrapper spectra-image-gallery__media-thumbnail-caption-wrapper--overlay\"><\/div>\n\t\t\t\t\t\t\t\t<\/div>\n\t\t\t\t\t\t<\/div>\n\t\t\t\t\t\t<div class='spectra-image-gallery__media-wrapper' data-spectra-gallery-image-id='4408'>\n\t\t\t\t\t\t\t<div class=\"spectra-image-gallery__media spectra-image-gallery__media--carousel\">\n\t\t\t\t<picture>\n\t\t\t\t\t<source media=\"(min-width: 1024px)\" srcset=\"https:\/\/nktours.ee\/wp-content\/uploads\/2024\/08\/egypt3-795x1024.jpeg\">\n\t\t\t\t\t<source media=\"(min-width: 768px)\" srcset=\"https:\/\/nktours.ee\/wp-content\/uploads\/2024\/08\/egypt3-795x1024.jpeg\">\n\t\t\t\t\t<img decoding=\"async\" class=\"spectra-image-gallery__media-thumbnail spectra-image-gallery__media-thumbnail--carousel\" src=\"https:\/\/nktours.ee\/wp-content\/uploads\/2024\/08\/egypt3-233x300.jpeg\" alt=\"\" loading=\"lazy\" \/>\n\t\t\t\t<\/picture>\n\t\t\t\t<div class=\"spectra-image-gallery__media-thumbnail-blurrer\"><\/div>\n\t\t\t\t\t\t\t\t\t\t\t<div class=\"spectra-image-gallery__media-thumbnail-caption-wrapper spectra-image-gallery__media-thumbnail-caption-wrapper--overlay\"><\/div>\n\t\t\t\t\t\t\t\t<\/div>\n\t\t\t\t\t\t<\/div>\n\t\t\t\t\t\t\t\t\t\t\t<\/div>\n\t\t\t\t\t\t\t<\/div>\n\t\t\t\t\t\t\t\t\t\t\t<\/div>\n\t\t\t\t\t\t\t\t\t\t\t<div class='spectra-image-gallery__control-lightbox' tabindex='0'>\n\t\t\t\t\t\t\t\t\t\t\t<div class=\"swiper spectra-image-gallery__control-lightbox--main\" dir=\"\">\n\t\t\t\t\t<div class=\"swiper-wrapper\">\n\t\t\t\t\t\t\t\t\t\t\t\t\t\n\t\t\t\t\t\t\t<div class=\"swiper-slide\">\n\t\t\t\t\t\t\t\t<img class=\"swiper-lazy\" data-src=\"https:\/\/nktours.ee\/wp-content\/uploads\/2024\/08\/egypt4.jpeg\" alt=\"\"\/>\n\t\t\t\t\t\t\t\t<div class=\"swiper-lazy-preloader swiper-lazy-preloader-white\"><\/div>\n\t\t\t\t\t\t\t\t\t\t\t\t\t\t\t<\/div>\n\t\t\t\t\t\t\t\t\t\t\t\t\t\n\t\t\t\t\t\t\t<div class=\"swiper-slide\">\n\t\t\t\t\t\t\t\t<img class=\"swiper-lazy\" data-src=\"https:\/\/nktours.ee\/wp-content\/uploads\/2024\/08\/egypt6.jpeg\" alt=\"\"\/>\n\t\t\t\t\t\t\t\t<div class=\"swiper-lazy-preloader swiper-lazy-preloader-white\"><\/div>\n\t\t\t\t\t\t\t\t\t\t\t\t\t\t\t<\/div>\n\t\t\t\t\t\t\t\t\t\t\t\t\t\n\t\t\t\t\t\t\t<div class=\"swiper-slide\">\n\t\t\t\t\t\t\t\t<img class=\"swiper-lazy\" data-src=\"https:\/\/nktours.ee\/wp-content\/uploads\/2024\/08\/egypt1.jpeg\" alt=\"\"\/>\n\t\t\t\t\t\t\t\t<div class=\"swiper-lazy-preloader swiper-lazy-preloader-white\"><\/div>\n\t\t\t\t\t\t\t\t\t\t\t\t\t\t\t<\/div>\n\t\t\t\t\t\t\t\t\t\t\t\t\t\n\t\t\t\t\t\t\t<div class=\"swiper-slide\">\n\t\t\t\t\t\t\t\t<img class=\"swiper-lazy\" data-src=\"https:\/\/nktours.ee\/wp-content\/uploads\/2024\/08\/egypt2.jpeg\" alt=\"\"\/>\n\t\t\t\t\t\t\t\t<div class=\"swiper-lazy-preloader swiper-lazy-preloader-white\"><\/div>\n\t\t\t\t\t\t\t\t\t\t\t\t\t\t\t<\/div>\n\t\t\t\t\t\t\t\t\t\t\t\t\t\n\t\t\t\t\t\t\t<div class=\"swiper-slide\">\n\t\t\t\t\t\t\t\t<img class=\"swiper-lazy\" data-src=\"https:\/\/nktours.ee\/wp-content\/uploads\/2024\/08\/egypt5.jpeg\" alt=\"\"\/>\n\t\t\t\t\t\t\t\t<div class=\"swiper-lazy-preloader swiper-lazy-preloader-white\"><\/div>\n\t\t\t\t\t\t\t\t\t\t\t\t\t\t\t<\/div>\n\t\t\t\t\t\t\t\t\t\t\t\t\t\n\t\t\t\t\t\t\t<div class=\"swiper-slide\">\n\t\t\t\t\t\t\t\t<img class=\"swiper-lazy\" data-src=\"https:\/\/nktours.ee\/wp-content\/uploads\/2024\/08\/egypt3.jpeg\" alt=\"\"\/>\n\t\t\t\t\t\t\t\t<div class=\"swiper-lazy-preloader swiper-lazy-preloader-white\"><\/div>\n\t\t\t\t\t\t\t\t\t\t\t\t\t\t\t<\/div>\n\t\t\t\t\t\t\t\t\t\t\t<\/div>\n\t\t\t\t\t<div class=\"swiper-button-next\"><\/div>\n\t\t\t\t\t<div class=\"swiper-button-prev\"><\/div>\n\t\t\t\t<\/div>\t\t\t\n\t\t\t\t\t\t\t\t\t\t\t\t\t\t\t\t\t\t\t\t\t\t\t\t\t\t\t\t\t\t\t\t<button class='spectra-image-gallery__control-lightbox--close' aria-label=\"Close\">\n\t\t\t\t\t\t\t\t\t\t\t\t\t<svg xmlns=\"https:\/\/www.w3.org\/2000\/svg\" viewbox= \"0 0 320 512\"><path d=\"M310.6 361.4c12.5 12.5 12.5 32.75 0 45.25C304.4 412.9 296.2 416 288 416s-16.38-3.125-22.62-9.375L160 301.3L54.63 406.6C48.38 412.9 40.19 416 32 416S15.63 412.9 9.375 406.6c-12.5-12.5-12.5-32.75 0-45.25l105.4-105.4L9.375 150.6c-12.5-12.5-12.5-32.75 0-45.25s32.75-12.5 45.25 0L160 210.8l105.4-105.4c12.5-12.5 32.75-12.5 45.25 0s12.5 32.75 0 45.25l-105.4 105.4L310.6 361.4z\"><\/path><\/svg>\n\t\t\t\t\t\t\t\t\t\t\t\t<\/button>\n\t\t\t\t\t\t\t\t\t\t\t\t\t<\/div>\n\t\t\t\t\t\t\t\t\t\n\n\n<div class=\"wp-block-uagb-advanced-heading uagb-block-fe5e5376\"><h2 class=\"uagb-heading-text\">EGIPTUS<\/h2><\/div>\n\n\n\n<p>Puhas vesi, korallrifid ja unikaalsed sukeldumis-v\u00f5imalused t\u00f5id tormilistel 80-ndatel aastatel turismihuvi Egiptusesse.<\/p>\n\n\n\n<p>T\u00e4naseks on Hurghada ja Sharm El Sheikh Euroopa, Ameerika, Egiptuse ja araabia turistide seas populaarsed kuurordid.<\/p>\n\n\n\n<p>Hurghada on eriti armastatud snorkeldamis- ja sukeldumisv\u00f5imaluste t\u00f5ttu, siin on palju kauneid ja unikaalseid korallriffe. Populaarsed ajaveetmisviisid on s\u00fcgavmere kalap\u00fc\u00fck, lainelaudlemine ja purjetamine.<\/p>\n\n\n\n<p>Kiiresti ja ekspansiivselt arenev Sharm El Sheikh Siinai kagurannikul pakub midagi igale maitsele. Sooja merd ja p\u00e4ikest k\u00f5igile, m\u00f5nusat \u00e4raolemist 5* luksushotellide hiigel territooriumitel v\u00f5i odavat majutust ja piisavalt tegevust seiklushimulistele ja l\u00f5bujanulistele.<\/p>\n\n\n\n<div class=\"wp-block-uagb-advanced-heading uagb-block-ca58b11a\"><h2 class=\"uagb-heading-text\">K\u00fcsi pakkumist soovitud v\u00e4ljumisele! <br><mark class=\"uagb-highlight\">+372 58058471 <br><\/mark>info@nktours.ee<\/h2><\/div>\n\n\n\n\t\t\t<div class=\"wp-block-uagb-post-grid uagb-post-grid  uagb-post__image-position-top uagb-post__image-enabled uagb-block-ba3cbf28     uagb-post__items uagb-post__columns-4 is-grid uagb-post__columns-tablet-2 uagb-post__columns-mobile-1 uagb-post__equal-height\" data-total=\"1\" style=\"\">\n\n\t\t\t\t\t\t\t\t\t\t\t\t<article class=\"uagb-post__inner-wrap\">\t\t\t\t\t\t\t\t<div class='uagb-post__image'>\n\t\t\t\t\t\t\t\t\t<a href=\"https:\/\/nktours.ee\/ru\/taskukohane-hotell-mida-kulalised-armastavad-%e2%9d%a4%ef%b8%8fegiptus\/\" target=\"_self\" rel=\"bookmark noopener noreferrer\" class='uagb-image-ratio-2-3'><img fetchpriority=\"high\" decoding=\"async\" width=\"800\" height=\"533\" src=\"https:\/\/nktours.ee\/wp-content\/uploads\/2026\/02\/palmariva-1024x682.jpg\" class=\"attachment-large size-large\" alt=\"\" srcset=\"https:\/\/nktours.ee\/wp-content\/uploads\/2026\/02\/palmariva-1024x682.jpg 1024w, https:\/\/nktours.ee\/wp-content\/uploads\/2026\/02\/palmariva-300x200.jpg 300w, https:\/\/nktours.ee\/wp-content\/uploads\/2026\/02\/palmariva-768x511.jpg 768w, https:\/\/nktours.ee\/wp-content\/uploads\/2026\/02\/palmariva-18x12.jpg 18w, https:\/\/nktours.ee\/wp-content\/uploads\/2026\/02\/palmariva.jpg 1200w\" sizes=\"(max-width: 800px) 100vw, 800px\" \/>\t\t\t\t\t<\/a>\n\t\t\t\t\t\t\t<\/div>\n\t\t\t\t\t\t<h4 class=\"uagb-post__title uagb-post__text\">\n\t\t\t\t<a href=\"https:\/\/nktours.ee\/ru\/taskukohane-hotell-mida-kulalised-armastavad-%e2%9d%a4%ef%b8%8fegiptus\/\" target=\"_self\" rel=\"bookmark noopener noreferrer\">Taskukohane hotell, mida k\u00fclalised armastavad \u2764\ufe0fEgiptus<\/a>\n\t\t\t<\/h4>\n\t\t\t\t\t\t<div class='uagb-post__text uagb-post-grid-byline'>\n\t\t\t\t\t\t\t<\/div>\n\t\t\t\n\t\t\t\t\t\t\t\t\t<\/article>\n\t\t\t\t\t\t\t\t\t\t\t\t\t\t\t\t<article class=\"uagb-post__inner-wrap\">\t\t\t\t\t\t\t\t<div class='uagb-post__image'>\n\t\t\t\t\t\t\t\t\t<a href=\"https:\/\/nktours.ee\/ru\/viimased-kohad-egiptusesse-5-03-ja-9-03\/\" target=\"_self\" rel=\"bookmark noopener noreferrer\" class='uagb-image-ratio-2-3'><img decoding=\"async\" width=\"800\" height=\"536\" src=\"https:\/\/nktours.ee\/wp-content\/uploads\/2025\/07\/\u0421\u0435\u043c\u044c\u044f-1024x686.jpeg\" class=\"attachment-large size-large\" alt=\"\" srcset=\"https:\/\/nktours.ee\/wp-content\/uploads\/2025\/07\/\u0421\u0435\u043c\u044c\u044f-1024x686.jpeg 1024w, https:\/\/nktours.ee\/wp-content\/uploads\/2025\/07\/\u0421\u0435\u043c\u044c\u044f-300x201.jpeg 300w, https:\/\/nktours.ee\/wp-content\/uploads\/2025\/07\/\u0421\u0435\u043c\u044c\u044f-768x514.jpeg 768w, https:\/\/nktours.ee\/wp-content\/uploads\/2025\/07\/\u0421\u0435\u043c\u044c\u044f-18x12.jpeg 18w, https:\/\/nktours.ee\/wp-content\/uploads\/2025\/07\/\u0421\u0435\u043c\u044c\u044f.jpeg 1299w\" sizes=\"(max-width: 800px) 100vw, 800px\" \/>\t\t\t\t\t<\/a>\n\t\t\t\t\t\t\t<\/div>\n\t\t\t\t\t\t<h4 class=\"uagb-post__title uagb-post__text\">\n\t\t\t\t<a href=\"https:\/\/nktours.ee\/ru\/viimased-kohad-egiptusesse-5-03-ja-9-03\/\" target=\"_self\" rel=\"bookmark noopener noreferrer\">Viimased kohad Egiptusesse 5.03 ja 9.03! Otselend Tallinnast!<\/a>\n\t\t\t<\/h4>\n\t\t\t\t\t\t<div class='uagb-post__text uagb-post-grid-byline'>\n\t\t\t\t\t\t\t<\/div>\n\t\t\t\n\t\t\t\t\t\t\t\t\t<\/article>\n\t\t\t\t\t\t\t\t\t\t\t\t\t\t\t\t<article class=\"uagb-post__inner-wrap\">\t\t\t\t\t\t\t\t<div class='uagb-post__image'>\n\t\t\t\t\t\t\t\t\t<a href=\"https:\/\/nktours.ee\/ru\/parimad-egiptuse-pakkumised-koolivaheajaks-ja-talvepuhkuseks\/\" target=\"_self\" rel=\"bookmark noopener noreferrer\" class='uagb-image-ratio-2-3'><img decoding=\"async\" width=\"800\" height=\"450\" src=\"https:\/\/nktours.ee\/wp-content\/uploads\/2025\/11\/aquaparkk1-1024x576.jpg\" class=\"attachment-large size-large\" alt=\"\" srcset=\"https:\/\/nktours.ee\/wp-content\/uploads\/2025\/11\/aquaparkk1-1024x576.jpg 1024w, https:\/\/nktours.ee\/wp-content\/uploads\/2025\/11\/aquaparkk1-300x169.jpg 300w, https:\/\/nktours.ee\/wp-content\/uploads\/2025\/11\/aquaparkk1-768x432.jpg 768w, https:\/\/nktours.ee\/wp-content\/uploads\/2025\/11\/aquaparkk1-18x10.jpg 18w, https:\/\/nktours.ee\/wp-content\/uploads\/2025\/11\/aquaparkk1.jpg 1280w\" sizes=\"(max-width: 800px) 100vw, 800px\" \/>\t\t\t\t\t<\/a>\n\t\t\t\t\t\t\t<\/div>\n\t\t\t\t\t\t<h4 class=\"uagb-post__title uagb-post__text\">\n\t\t\t\t<a href=\"https:\/\/nktours.ee\/ru\/parimad-egiptuse-pakkumised-koolivaheajaks-ja-talvepuhkuseks\/\" target=\"_self\" rel=\"bookmark noopener noreferrer\">Parimad Egiptuse pakkumised koolivaheajaks ja talvepuhkuseks!<\/a>\n\t\t\t<\/h4>\n\t\t\t\t\t\t<div class='uagb-post__text uagb-post-grid-byline'>\n\t\t\t\t\t\t\t<\/div>\n\t\t\t\n\t\t\t\t\t\t\t\t\t<\/article>\n\t\t\t\t\t\t\t\t\t\t\t\t\t\t\t\t<article class=\"uagb-post__inner-wrap\">\t\t\t\t\t\t\t\t<div class='uagb-post__image'>\n\t\t\t\t\t\t\t\t\t<a href=\"https:\/\/nktours.ee\/ru\/egiptus-viimase-hetke-pakkumised-10-11-12-11\/\" target=\"_self\" rel=\"bookmark noopener noreferrer\" class='uagb-image-ratio-2-3'><img loading=\"lazy\" decoding=\"async\" width=\"800\" height=\"533\" src=\"https:\/\/nktours.ee\/wp-content\/uploads\/2025\/07\/Domina-Coral-Bay-Harem-3.jpg\" class=\"attachment-large size-large\" alt=\"\" srcset=\"https:\/\/nktours.ee\/wp-content\/uploads\/2025\/07\/Domina-Coral-Bay-Harem-3.jpg 900w, https:\/\/nktours.ee\/wp-content\/uploads\/2025\/07\/Domina-Coral-Bay-Harem-3-300x200.jpg 300w, https:\/\/nktours.ee\/wp-content\/uploads\/2025\/07\/Domina-Coral-Bay-Harem-3-768x512.jpg 768w, https:\/\/nktours.ee\/wp-content\/uploads\/2025\/07\/Domina-Coral-Bay-Harem-3-18x12.jpg 18w\" sizes=\"(max-width: 800px) 100vw, 800px\" \/>\t\t\t\t\t<\/a>\n\t\t\t\t\t\t\t<\/div>\n\t\t\t\t\t\t<h4 class=\"uagb-post__title uagb-post__text\">\n\t\t\t\t<a href=\"https:\/\/nktours.ee\/ru\/egiptus-viimase-hetke-pakkumised-10-11-12-11\/\" target=\"_self\" rel=\"bookmark noopener noreferrer\">Egiptus! Viimase hetke pakkumised 10, 11, 12.10<\/a>\n\t\t\t<\/h4>\n\t\t\t\t\t\t<div class='uagb-post__text uagb-post-grid-byline'>\n\t\t\t\t\t\t\t<\/div>\n\t\t\t\n\t\t\t\t\t\t\t\t\t<\/article>\n\t\t\t\t\t\t\t\t\t\t\t\t\t\t\t\t<article class=\"uagb-post__inner-wrap\">\t\t\t\t\t\t\t\t<div class='uagb-post__image'>\n\t\t\t\t\t\t\t\t\t<a href=\"https:\/\/nktours.ee\/ru\/sharm-el-sheikh-03-10-2025-valjumise-eripakkumised\/\" target=\"_self\" rel=\"bookmark noopener noreferrer\" class='uagb-image-ratio-2-3'><img loading=\"lazy\" decoding=\"async\" width=\"800\" height=\"533\" src=\"https:\/\/nktours.ee\/wp-content\/uploads\/2025\/09\/Sharm-el_Sheikh.jpg\" class=\"attachment-large size-large\" alt=\"\" srcset=\"https:\/\/nktours.ee\/wp-content\/uploads\/2025\/09\/Sharm-el_Sheikh.jpg 900w, https:\/\/nktours.ee\/wp-content\/uploads\/2025\/09\/Sharm-el_Sheikh-300x200.jpg 300w, https:\/\/nktours.ee\/wp-content\/uploads\/2025\/09\/Sharm-el_Sheikh-768x512.jpg 768w, https:\/\/nktours.ee\/wp-content\/uploads\/2025\/09\/Sharm-el_Sheikh-18x12.jpg 18w\" sizes=\"(max-width: 800px) 100vw, 800px\" \/>\t\t\t\t\t<\/a>\n\t\t\t\t\t\t\t<\/div>\n\t\t\t\t\t\t<h4 class=\"uagb-post__title uagb-post__text\">\n\t\t\t\t<a href=\"https:\/\/nktours.ee\/ru\/sharm-el-sheikh-03-10-2025-valjumise-eripakkumised\/\" target=\"_self\" rel=\"bookmark noopener noreferrer\">SHARM EL SHEIKH, 03.10.2025 v\u00e4ljumise eripakkumised!<\/a>\n\t\t\t<\/h4>\n\t\t\t\t\t\t<div class='uagb-post__text uagb-post-grid-byline'>\n\t\t\t\t\t\t\t<\/div>\n\t\t\t\n\t\t\t\t\t\t\t\t\t<\/article>\n\t\t\t\t\t\t\t\t\t\t\t\t\t\t\t\t<article class=\"uagb-post__inner-wrap\">\t\t\t\t\t\t\t\t<div class='uagb-post__image'>\n\t\t\t\t\t\t\t\t\t<a href=\"https:\/\/nktours.ee\/ru\/domina-coral-bay-5-sharm-parim-hotell-peredele-paaridele-ja-noortele\/\" target=\"_self\" rel=\"bookmark noopener noreferrer\" class='uagb-image-ratio-2-3'><img loading=\"lazy\" decoding=\"async\" width=\"800\" height=\"533\" src=\"https:\/\/nktours.ee\/wp-content\/uploads\/2025\/07\/Domina-Coral-Bay-Harem-3.jpg\" class=\"attachment-large size-large\" alt=\"\" srcset=\"https:\/\/nktours.ee\/wp-content\/uploads\/2025\/07\/Domina-Coral-Bay-Harem-3.jpg 900w, https:\/\/nktours.ee\/wp-content\/uploads\/2025\/07\/Domina-Coral-Bay-Harem-3-300x200.jpg 300w, https:\/\/nktours.ee\/wp-content\/uploads\/2025\/07\/Domina-Coral-Bay-Harem-3-768x512.jpg 768w, https:\/\/nktours.ee\/wp-content\/uploads\/2025\/07\/Domina-Coral-Bay-Harem-3-18x12.jpg 18w\" sizes=\"(max-width: 800px) 100vw, 800px\" \/>\t\t\t\t\t<\/a>\n\t\t\t\t\t\t\t<\/div>\n\t\t\t\t\t\t<h4 class=\"uagb-post__title uagb-post__text\">\n\t\t\t\t<a href=\"https:\/\/nktours.ee\/ru\/domina-coral-bay-5-sharm-parim-hotell-peredele-paaridele-ja-noortele\/\" target=\"_self\" rel=\"bookmark noopener noreferrer\">Domina Coral Bay 5* Sharm. Parim hotell peredele, paaridele ja noortele!<\/a>\n\t\t\t<\/h4>\n\t\t\t\t\t\t<div class='uagb-post__text uagb-post-grid-byline'>\n\t\t\t\t\t\t\t<\/div>\n\t\t\t\n\t\t\t\t\t\t\t\t\t<\/article>\n\t\t\t\t\t\t\t\t\t\t\t<\/div>","protected":false},"excerpt":{"rendered":"<p>EGIPTUS Puhas vesi, korallrifid ja unikaalsed sukeldumis-v\u00f5imalused t\u00f5id tormilistel 80-ndatel aastatel turismihuvi Egiptusesse. T\u00e4naseks on Hurghada ja Sharm El Sheikh Euroopa, Ameerika, Egiptuse ja araabia turistide seas populaarsed kuurordid. Hurghada on eriti armastatud snorkeldamis- ja sukeldumisv\u00f5imaluste t\u00f5ttu, siin on palju kauneid ja unikaalseid korallriffe. Populaarsed ajaveetmisviisid on s\u00fcgavmere kalap\u00fc\u00fck, lainelaudlemine ja purjetamine. Kiiresti ja ekspansiivselt [&hellip;]<\/p>\n","protected":false},"author":2,"featured_media":0,"parent":0,"menu_order":0,"comment_status":"closed","ping_status":"closed","template":"","meta":{"_uag_custom_page_level_css":"","footnotes":""},"class_list":["post-4400","page","type-page","status-publish","hentry"],"uagb_featured_image_src":{"full":false,"thumbnail":false,"medium":false,"medium_large":false,"large":false,"1536x1536":false,"2048x2048":false,"trp-custom-language-flag":false},"uagb_author_info":{"display_name":"Sergei","author_link":"https:\/\/nktours.ee\/ru\/author\/sergei\/"},"uagb_comment_info":0,"uagb_excerpt":"EGIPTUS Puhas vesi, korallrifid ja unikaalsed sukeldumis-v\u00f5imalused t\u00f5id tormilistel 80-ndatel aastatel turismihuvi Egiptusesse. T\u00e4naseks on Hurghada ja Sharm El Sheikh Euroopa, Ameerika, Egiptuse ja araabia turistide seas populaarsed kuurordid. Hurghada on eriti armastatud snorkeldamis- ja sukeldumisv\u00f5imaluste t\u00f5ttu, siin on palju kauneid ja unikaalseid korallriffe. Populaarsed ajaveetmisviisid on s\u00fcgavmere kalap\u00fc\u00fck, lainelaudlemine ja purjetamine. Kiiresti ja ekspansiivselt&hellip;","_links":{"self":[{"href":"https:\/\/nktours.ee\/ru\/wp-json\/wp\/v2\/pages\/4400","targetHints":{"allow":["GET"]}}],"collection":[{"href":"https:\/\/nktours.ee\/ru\/wp-json\/wp\/v2\/pages"}],"about":[{"href":"https:\/\/nktours.ee\/ru\/wp-json\/wp\/v2\/types\/page"}],"author":[{"embeddable":true,"href":"https:\/\/nktours.ee\/ru\/wp-json\/wp\/v2\/users\/2"}],"replies":[{"embeddable":true,"href":"https:\/\/nktours.ee\/ru\/wp-json\/wp\/v2\/comments?post=4400"}],"version-history":[{"count":6,"href":"https:\/\/nktours.ee\/ru\/wp-json\/wp\/v2\/pages\/4400\/revisions"}],"predecessor-version":[{"id":4804,"href":"https:\/\/nktours.ee\/ru\/wp-json\/wp\/v2\/pages\/4400\/revisions\/4804"}],"wp:attachment":[{"href":"https:\/\/nktours.ee\/ru\/wp-json\/wp\/v2\/media?parent=4400"}],"curies":[{"name":"wp","href":"https:\/\/api.w.org\/{rel}","templated":true}]}}