{"id":4387,"date":"2024-08-17T11:41:06","date_gmt":"2024-08-17T11:41:06","guid":{"rendered":"https:\/\/nktours.ee\/?page_id=4387"},"modified":"2024-08-19T10:18:28","modified_gmt":"2024-08-19T10:18:28","slug":"montenegro","status":"publish","type":"page","link":"https:\/\/nktours.ee\/ru\/montenegro\/","title":{"rendered":"\u0427\u0435\u0440\u043d\u043e\u0433\u043e\u0440\u0438\u044f"},"content":{"rendered":"<div style=\"height:50px\" aria-hidden=\"true\" class=\"wp-block-spacer\"><\/div>\n\n\n\t\t\t\t\t<div\n\t\t\t\t\t\tclass=\"wp-block-uagb-image-gallery uagb-block-30d6b4d5\"\n\t\t\t\t\t\tstyle=\"\"\n\t\t\t\t\t>\n\t\t\t\t\t\t\t\t\t\t\t<div class=\"spectra-image-gallery spectra-image-gallery__layout--carousel\">\n\t\t\t\t\t\t\t\t<div class=\"uagb-slick-carousel uagb-block-30d6b4d5\">\n\t\t\t\t\t\t\t\t\t\t\t\t<div class='spectra-image-gallery__media-wrapper' data-spectra-gallery-image-id='4388'>\n\t\t\t\t\t\t\t<div class=\"spectra-image-gallery__media spectra-image-gallery__media--carousel\">\n\t\t\t\t<picture>\n\t\t\t\t\t<source media=\"(min-width: 1024px)\" srcset=\"https:\/\/nktours.ee\/wp-content\/uploads\/2024\/08\/montenegro5-787x1024.jpeg\">\n\t\t\t\t\t<source media=\"(min-width: 768px)\" srcset=\"https:\/\/nktours.ee\/wp-content\/uploads\/2024\/08\/montenegro5-787x1024.jpeg\">\n\t\t\t\t\t<img decoding=\"async\" class=\"spectra-image-gallery__media-thumbnail spectra-image-gallery__media-thumbnail--carousel\" src=\"https:\/\/nktours.ee\/wp-content\/uploads\/2024\/08\/montenegro5-231x300.jpeg\" alt=\"\" loading=\"lazy\" \/>\n\t\t\t\t<\/picture>\n\t\t\t\t<div class=\"spectra-image-gallery__media-thumbnail-blurrer\"><\/div>\n\t\t\t\t\t\t\t\t\t\t\t<div class=\"spectra-image-gallery__media-thumbnail-caption-wrapper spectra-image-gallery__media-thumbnail-caption-wrapper--overlay\"><\/div>\n\t\t\t\t\t\t\t\t<\/div>\n\t\t\t\t\t\t<\/div>\n\t\t\t\t\t\t<div class='spectra-image-gallery__media-wrapper' data-spectra-gallery-image-id='4389'>\n\t\t\t\t\t\t\t<div class=\"spectra-image-gallery__media spectra-image-gallery__media--carousel\">\n\t\t\t\t<picture>\n\t\t\t\t\t<source media=\"(min-width: 1024px)\" srcset=\"https:\/\/nktours.ee\/wp-content\/uploads\/2024\/08\/montenegro6.jpeg\">\n\t\t\t\t\t<source media=\"(min-width: 768px)\" srcset=\"https:\/\/nktours.ee\/wp-content\/uploads\/2024\/08\/montenegro6.jpeg\">\n\t\t\t\t\t<img decoding=\"async\" class=\"spectra-image-gallery__media-thumbnail spectra-image-gallery__media-thumbnail--carousel\" src=\"https:\/\/nktours.ee\/wp-content\/uploads\/2024\/08\/montenegro6-266x300.jpeg\" alt=\"\" loading=\"lazy\" \/>\n\t\t\t\t<\/picture>\n\t\t\t\t<div class=\"spectra-image-gallery__media-thumbnail-blurrer\"><\/div>\n\t\t\t\t\t\t\t\t\t\t\t<div class=\"spectra-image-gallery__media-thumbnail-caption-wrapper spectra-image-gallery__media-thumbnail-caption-wrapper--overlay\"><\/div>\n\t\t\t\t\t\t\t\t<\/div>\n\t\t\t\t\t\t<\/div>\n\t\t\t\t\t\t<div class='spectra-image-gallery__media-wrapper' data-spectra-gallery-image-id='4390'>\n\t\t\t\t\t\t\t<div class=\"spectra-image-gallery__media spectra-image-gallery__media--carousel\">\n\t\t\t\t<picture>\n\t\t\t\t\t<source media=\"(min-width: 1024px)\" srcset=\"https:\/\/nktours.ee\/wp-content\/uploads\/2024\/08\/montenegro4.jpeg\">\n\t\t\t\t\t<source media=\"(min-width: 768px)\" srcset=\"https:\/\/nktours.ee\/wp-content\/uploads\/2024\/08\/montenegro4.jpeg\">\n\t\t\t\t\t<img decoding=\"async\" class=\"spectra-image-gallery__media-thumbnail spectra-image-gallery__media-thumbnail--carousel\" src=\"https:\/\/nktours.ee\/wp-content\/uploads\/2024\/08\/montenegro4-251x300.jpeg\" alt=\"\" loading=\"lazy\" \/>\n\t\t\t\t<\/picture>\n\t\t\t\t<div class=\"spectra-image-gallery__media-thumbnail-blurrer\"><\/div>\n\t\t\t\t\t\t\t\t\t\t\t<div class=\"spectra-image-gallery__media-thumbnail-caption-wrapper spectra-image-gallery__media-thumbnail-caption-wrapper--overlay\"><\/div>\n\t\t\t\t\t\t\t\t<\/div>\n\t\t\t\t\t\t<\/div>\n\t\t\t\t\t\t<div class='spectra-image-gallery__media-wrapper' data-spectra-gallery-image-id='4391'>\n\t\t\t\t\t\t\t<div class=\"spectra-image-gallery__media spectra-image-gallery__media--carousel\">\n\t\t\t\t<picture>\n\t\t\t\t\t<source media=\"(min-width: 1024px)\" srcset=\"https:\/\/nktours.ee\/wp-content\/uploads\/2024\/08\/montenegro3.jpeg\">\n\t\t\t\t\t<source media=\"(min-width: 768px)\" srcset=\"https:\/\/nktours.ee\/wp-content\/uploads\/2024\/08\/montenegro3.jpeg\">\n\t\t\t\t\t<img decoding=\"async\" class=\"spectra-image-gallery__media-thumbnail spectra-image-gallery__media-thumbnail--carousel\" src=\"https:\/\/nktours.ee\/wp-content\/uploads\/2024\/08\/montenegro3-259x300.jpeg\" alt=\"\" loading=\"lazy\" \/>\n\t\t\t\t<\/picture>\n\t\t\t\t<div class=\"spectra-image-gallery__media-thumbnail-blurrer\"><\/div>\n\t\t\t\t\t\t\t\t\t\t\t<div class=\"spectra-image-gallery__media-thumbnail-caption-wrapper spectra-image-gallery__media-thumbnail-caption-wrapper--overlay\"><\/div>\n\t\t\t\t\t\t\t\t<\/div>\n\t\t\t\t\t\t<\/div>\n\t\t\t\t\t\t<div class='spectra-image-gallery__media-wrapper' data-spectra-gallery-image-id='4392'>\n\t\t\t\t\t\t\t<div class=\"spectra-image-gallery__media spectra-image-gallery__media--carousel\">\n\t\t\t\t<picture>\n\t\t\t\t\t<source media=\"(min-width: 1024px)\" srcset=\"https:\/\/nktours.ee\/wp-content\/uploads\/2024\/08\/montenegro2.jpeg\">\n\t\t\t\t\t<source media=\"(min-width: 768px)\" srcset=\"https:\/\/nktours.ee\/wp-content\/uploads\/2024\/08\/montenegro2.jpeg\">\n\t\t\t\t\t<img decoding=\"async\" class=\"spectra-image-gallery__media-thumbnail spectra-image-gallery__media-thumbnail--carousel\" src=\"https:\/\/nktours.ee\/wp-content\/uploads\/2024\/08\/montenegro2-254x300.jpeg\" alt=\"\" loading=\"lazy\" \/>\n\t\t\t\t<\/picture>\n\t\t\t\t<div class=\"spectra-image-gallery__media-thumbnail-blurrer\"><\/div>\n\t\t\t\t\t\t\t\t\t\t\t<div class=\"spectra-image-gallery__media-thumbnail-caption-wrapper spectra-image-gallery__media-thumbnail-caption-wrapper--overlay\"><\/div>\n\t\t\t\t\t\t\t\t<\/div>\n\t\t\t\t\t\t<\/div>\n\t\t\t\t\t\t<div class='spectra-image-gallery__media-wrapper' data-spectra-gallery-image-id='4393'>\n\t\t\t\t\t\t\t<div class=\"spectra-image-gallery__media spectra-image-gallery__media--carousel\">\n\t\t\t\t<picture>\n\t\t\t\t\t<source media=\"(min-width: 1024px)\" srcset=\"https:\/\/nktours.ee\/wp-content\/uploads\/2024\/08\/montenegro1.jpeg\">\n\t\t\t\t\t<source media=\"(min-width: 768px)\" srcset=\"https:\/\/nktours.ee\/wp-content\/uploads\/2024\/08\/montenegro1.jpeg\">\n\t\t\t\t\t<img decoding=\"async\" class=\"spectra-image-gallery__media-thumbnail spectra-image-gallery__media-thumbnail--carousel\" src=\"https:\/\/nktours.ee\/wp-content\/uploads\/2024\/08\/montenegro1-245x300.jpeg\" alt=\"\" loading=\"lazy\" \/>\n\t\t\t\t<\/picture>\n\t\t\t\t<div class=\"spectra-image-gallery__media-thumbnail-blurrer\"><\/div>\n\t\t\t\t\t\t\t\t\t\t\t<div class=\"spectra-image-gallery__media-thumbnail-caption-wrapper spectra-image-gallery__media-thumbnail-caption-wrapper--overlay\"><\/div>\n\t\t\t\t\t\t\t\t<\/div>\n\t\t\t\t\t\t<\/div>\n\t\t\t\t\t\t\t\t\t\t\t<\/div>\n\t\t\t\t\t\t\t<\/div>\n\t\t\t\t\t\t\t\t\t\t\t<\/div>\n\t\t\t\t\t\t\t\t\t\t\t<div class='spectra-image-gallery__control-lightbox' tabindex='0'>\n\t\t\t\t\t\t\t\t\t\t\t<div class=\"swiper spectra-image-gallery__control-lightbox--main\" dir=\"\">\n\t\t\t\t\t<div class=\"swiper-wrapper\">\n\t\t\t\t\t\t\t\t\t\t\t\t\t\n\t\t\t\t\t\t\t<div class=\"swiper-slide\">\n\t\t\t\t\t\t\t\t<img class=\"swiper-lazy\" data-src=\"https:\/\/nktours.ee\/wp-content\/uploads\/2024\/08\/montenegro5.jpeg\" alt=\"\"\/>\n\t\t\t\t\t\t\t\t<div class=\"swiper-lazy-preloader swiper-lazy-preloader-white\"><\/div>\n\t\t\t\t\t\t\t\t\t\t\t\t\t\t\t<\/div>\n\t\t\t\t\t\t\t\t\t\t\t\t\t\n\t\t\t\t\t\t\t<div class=\"swiper-slide\">\n\t\t\t\t\t\t\t\t<img class=\"swiper-lazy\" data-src=\"https:\/\/nktours.ee\/wp-content\/uploads\/2024\/08\/montenegro6.jpeg\" alt=\"\"\/>\n\t\t\t\t\t\t\t\t<div class=\"swiper-lazy-preloader swiper-lazy-preloader-white\"><\/div>\n\t\t\t\t\t\t\t\t\t\t\t\t\t\t\t<\/div>\n\t\t\t\t\t\t\t\t\t\t\t\t\t\n\t\t\t\t\t\t\t<div class=\"swiper-slide\">\n\t\t\t\t\t\t\t\t<img class=\"swiper-lazy\" data-src=\"https:\/\/nktours.ee\/wp-content\/uploads\/2024\/08\/montenegro4.jpeg\" alt=\"\"\/>\n\t\t\t\t\t\t\t\t<div class=\"swiper-lazy-preloader swiper-lazy-preloader-white\"><\/div>\n\t\t\t\t\t\t\t\t\t\t\t\t\t\t\t<\/div>\n\t\t\t\t\t\t\t\t\t\t\t\t\t\n\t\t\t\t\t\t\t<div class=\"swiper-slide\">\n\t\t\t\t\t\t\t\t<img class=\"swiper-lazy\" data-src=\"https:\/\/nktours.ee\/wp-content\/uploads\/2024\/08\/montenegro3.jpeg\" alt=\"\"\/>\n\t\t\t\t\t\t\t\t<div class=\"swiper-lazy-preloader swiper-lazy-preloader-white\"><\/div>\n\t\t\t\t\t\t\t\t\t\t\t\t\t\t\t<\/div>\n\t\t\t\t\t\t\t\t\t\t\t\t\t\n\t\t\t\t\t\t\t<div class=\"swiper-slide\">\n\t\t\t\t\t\t\t\t<img class=\"swiper-lazy\" data-src=\"https:\/\/nktours.ee\/wp-content\/uploads\/2024\/08\/montenegro2.jpeg\" alt=\"\"\/>\n\t\t\t\t\t\t\t\t<div class=\"swiper-lazy-preloader swiper-lazy-preloader-white\"><\/div>\n\t\t\t\t\t\t\t\t\t\t\t\t\t\t\t<\/div>\n\t\t\t\t\t\t\t\t\t\t\t\t\t\n\t\t\t\t\t\t\t<div class=\"swiper-slide\">\n\t\t\t\t\t\t\t\t<img class=\"swiper-lazy\" data-src=\"https:\/\/nktours.ee\/wp-content\/uploads\/2024\/08\/montenegro1.jpeg\" alt=\"\"\/>\n\t\t\t\t\t\t\t\t<div class=\"swiper-lazy-preloader swiper-lazy-preloader-white\"><\/div>\n\t\t\t\t\t\t\t\t\t\t\t\t\t\t\t<\/div>\n\t\t\t\t\t\t\t\t\t\t\t<\/div>\n\t\t\t\t\t<div class=\"swiper-button-next\"><\/div>\n\t\t\t\t\t<div class=\"swiper-button-prev\"><\/div>\n\t\t\t\t<\/div>\t\t\t\n\t\t\t\t\t\t\t\t\t\t\t\t\t\t\t\t\t\t\t\t\t\t\t\t\t\t\t\t\t\t\t\t<button class='spectra-image-gallery__control-lightbox--close' aria-label=\"Close\">\n\t\t\t\t\t\t\t\t\t\t\t\t\t<svg xmlns=\"https:\/\/www.w3.org\/2000\/svg\" viewbox= \"0 0 320 512\"><path d=\"M310.6 361.4c12.5 12.5 12.5 32.75 0 45.25C304.4 412.9 296.2 416 288 416s-16.38-3.125-22.62-9.375L160 301.3L54.63 406.6C48.38 412.9 40.19 416 32 416S15.63 412.9 9.375 406.6c-12.5-12.5-12.5-32.75 0-45.25l105.4-105.4L9.375 150.6c-12.5-12.5-12.5-32.75 0-45.25s32.75-12.5 45.25 0L160 210.8l105.4-105.4c12.5-12.5 32.75-12.5 45.25 0s12.5 32.75 0 45.25l-105.4 105.4L310.6 361.4z\"><\/path><\/svg>\n\t\t\t\t\t\t\t\t\t\t\t\t<\/button>\n\t\t\t\t\t\t\t\t\t\t\t\t\t<\/div>\n\t\t\t\t\t\t\t\t\t\n\n\n<div class=\"wp-block-uagb-advanced-heading uagb-block-fe5e5376\"><h2 class=\"uagb-heading-text\">\u0427\u0435\u0440\u043d\u043e\u0433\u043e\u0440\u0438\u044f<\/h2><\/div>\n\n\n\n<p>Tihti Vahemere p\u00e4rliks nimetatav Montenegro on \u00fcks Euroopa vanimaid riike ja samas ka v\u00e4ga noor riik, mis kuulutas iseseisvuse v\u00e4lja alles 2006. aastal. Asudes Euroopa ja Aasia vahel Balkani poolsaarel, meelitab riik imelise looduse, Aadria merre laskuvate m\u00e4en\u00f5lvade, rikka ajaloolise p\u00e4randi ja k\u00fclalislahkusega. Siin on palju Aadria mere poolt uhutud randu, mis sarnanevad Horvaatiat \u00fcmbritsevate randadega, teravad m\u00e4etipud nagu \u0160veitsis, ning kanjonid, mis meenutavad Coloradot. Ajaloolistes lossides on tunda Veneetsia hingust ja linnad on vanad nagu Kreekas. K\u00f5ik see p\u00f5imub kokku Montenegro ainulaadseks looduslikuks ja ajalooliseks varamuks, mis mahub selle v\u00e4ikese, Eestist kolm korda v\u00e4iksema riigi territooriumile. Kuna Montenegro on v\u00e4ike riik, siis on igast kuurordist mugav s\u00f5ita naaberlinnadesse ja rahvusparke k\u00fclastada. Mugav on isegi m\u00f5neks p\u00e4evaks naaberriiki Horvaatiasse reisida.<\/p>\n\n\n\n<div class=\"wp-block-uagb-advanced-heading uagb-block-ca58b11a\"><h2 class=\"uagb-heading-text\">K\u00fcsi pakkumist soovitud v\u00e4ljumisele! <br><mark class=\"uagb-highlight\">+372 58058471 <br><\/mark>info@nktours.ee<\/h2><\/div>\n\n\n\n\t\t\t<div class=\"wp-block-uagb-post-grid uagb-post-grid  uagb-post__image-position-top uagb-post__image-enabled uagb-block-ba3cbf28     uagb-post__items uagb-post__columns-4 is-grid uagb-post__columns-tablet-2 uagb-post__columns-mobile-1 uagb-post__equal-height\" data-total=\"1\" style=\"\">\n\n\t\t\t\t\t\t\t\t\t\t\t\t<article class=\"uagb-post__inner-wrap\">\t\t\t\t\t\t\t\t<div class='uagb-post__image'>\n\t\t\t\t\t\t\t\t\t<a href=\"https:\/\/nktours.ee\/ru\/avasta-montenegrot-7-ood-al-473-eur\/\" target=\"_self\" rel=\"bookmark noopener noreferrer\" class='uagb-image-ratio-2-3'><img fetchpriority=\"high\" decoding=\"async\" width=\"800\" height=\"533\" src=\"https:\/\/nktours.ee\/wp-content\/uploads\/2024\/01\/montenegro-4427293_1280-1024x682.webp\" class=\"attachment-large size-large\" alt=\"\" srcset=\"https:\/\/nktours.ee\/wp-content\/uploads\/2024\/01\/montenegro-4427293_1280-1024x682.webp 1024w, https:\/\/nktours.ee\/wp-content\/uploads\/2024\/01\/montenegro-4427293_1280-300x200.webp 300w, https:\/\/nktours.ee\/wp-content\/uploads\/2024\/01\/montenegro-4427293_1280-768x512.webp 768w, https:\/\/nktours.ee\/wp-content\/uploads\/2024\/01\/montenegro-4427293_1280-600x400.webp 600w, https:\/\/nktours.ee\/wp-content\/uploads\/2024\/01\/montenegro-4427293_1280.webp 1280w\" sizes=\"(max-width: 800px) 100vw, 800px\" \/>\t\t\t\t\t<\/a>\n\t\t\t\t\t\t\t<\/div>\n\t\t\t\t\t\t<h4 class=\"uagb-post__title uagb-post__text\">\n\t\t\t\t<a href=\"https:\/\/nktours.ee\/ru\/avasta-montenegrot-7-ood-al-473-eur\/\" target=\"_self\" rel=\"bookmark noopener noreferrer\">Avasta Montenegrot! 7 \u00f6\u00f6d al 473 EUR!<\/a>\n\t\t\t<\/h4>\n\t\t\t\t\t\t<div class='uagb-post__text uagb-post-grid-byline'>\n\t\t\t\t\t\t\t<\/div>\n\t\t\t\n\t\t\t\t\t\t\t\t\t<\/article>\n\t\t\t\t\t\t\t\t\t\t\t\t\t\t\t\t<article class=\"uagb-post__inner-wrap\">\t\t\t\t\t\t\t\t<div class='uagb-post__image'>\n\t\t\t\t\t\t\t\t\t<a href=\"https:\/\/nktours.ee\/ru\/montenegro-stiilne-hotell-lummava-mere-ja-maevaatega\/\" target=\"_self\" rel=\"bookmark noopener noreferrer\" class='uagb-image-ratio-2-3'><img decoding=\"async\" width=\"800\" height=\"534\" src=\"https:\/\/nktours.ee\/wp-content\/uploads\/2025\/05\/palma-nomer.jpg\" class=\"attachment-large size-large\" alt=\"\" srcset=\"https:\/\/nktours.ee\/wp-content\/uploads\/2025\/05\/palma-nomer.jpg 1024w, https:\/\/nktours.ee\/wp-content\/uploads\/2025\/05\/palma-nomer-300x200.jpg 300w, https:\/\/nktours.ee\/wp-content\/uploads\/2025\/05\/palma-nomer-768x512.jpg 768w, https:\/\/nktours.ee\/wp-content\/uploads\/2025\/05\/palma-nomer-18x12.jpg 18w\" sizes=\"(max-width: 800px) 100vw, 800px\" \/>\t\t\t\t\t<\/a>\n\t\t\t\t\t\t\t<\/div>\n\t\t\t\t\t\t<h4 class=\"uagb-post__title uagb-post__text\">\n\t\t\t\t<a href=\"https:\/\/nktours.ee\/ru\/montenegro-stiilne-hotell-lummava-mere-ja-maevaatega\/\" target=\"_self\" rel=\"bookmark noopener noreferrer\">Montenegro! Stiilne hotell lummava mere- ja m\u00e4evaatega<\/a>\n\t\t\t<\/h4>\n\t\t\t\t\t\t<div class='uagb-post__text uagb-post-grid-byline'>\n\t\t\t\t\t\t\t<\/div>\n\t\t\t\n\t\t\t\t\t\t\t\t\t<\/article>\n\t\t\t\t\t\t\t\t\t\t\t<\/div>\n\t\t\t\n\n\n<div style=\"height:50px\" aria-hidden=\"true\" class=\"wp-block-spacer\"><\/div>","protected":false},"excerpt":{"rendered":"<p>Montenegro Tihti Vahemere p\u00e4rliks nimetatav Montenegro on \u00fcks Euroopa vanimaid riike ja samas ka v\u00e4ga noor riik, mis kuulutas iseseisvuse v\u00e4lja alles 2006. aastal. Asudes Euroopa ja Aasia vahel Balkani poolsaarel, meelitab riik imelise looduse, Aadria merre laskuvate m\u00e4en\u00f5lvade, rikka ajaloolise p\u00e4randi ja k\u00fclalislahkusega. Siin on palju Aadria mere poolt uhutud randu, mis sarnanevad Horvaatiat [&hellip;]<\/p>\n","protected":false},"author":2,"featured_media":0,"parent":0,"menu_order":0,"comment_status":"closed","ping_status":"closed","template":"","meta":{"_uag_custom_page_level_css":"","footnotes":""},"class_list":["post-4387","page","type-page","status-publish","hentry"],"uagb_featured_image_src":{"full":false,"thumbnail":false,"medium":false,"medium_large":false,"large":false,"1536x1536":false,"2048x2048":false,"trp-custom-language-flag":false},"uagb_author_info":{"display_name":"Sergei","author_link":"https:\/\/nktours.ee\/ru\/author\/sergei\/"},"uagb_comment_info":0,"uagb_excerpt":"Montenegro Tihti Vahemere p\u00e4rliks nimetatav Montenegro on \u00fcks Euroopa vanimaid riike ja samas ka v\u00e4ga noor riik, mis kuulutas iseseisvuse v\u00e4lja alles 2006. aastal. Asudes Euroopa ja Aasia vahel Balkani poolsaarel, meelitab riik imelise looduse, Aadria merre laskuvate m\u00e4en\u00f5lvade, rikka ajaloolise p\u00e4randi ja k\u00fclalislahkusega. Siin on palju Aadria mere poolt uhutud randu, mis sarnanevad Horvaatiat&hellip;","_links":{"self":[{"href":"https:\/\/nktours.ee\/ru\/wp-json\/wp\/v2\/pages\/4387","targetHints":{"allow":["GET"]}}],"collection":[{"href":"https:\/\/nktours.ee\/ru\/wp-json\/wp\/v2\/pages"}],"about":[{"href":"https:\/\/nktours.ee\/ru\/wp-json\/wp\/v2\/types\/page"}],"author":[{"embeddable":true,"href":"https:\/\/nktours.ee\/ru\/wp-json\/wp\/v2\/users\/2"}],"replies":[{"embeddable":true,"href":"https:\/\/nktours.ee\/ru\/wp-json\/wp\/v2\/comments?post=4387"}],"version-history":[{"count":3,"href":"https:\/\/nktours.ee\/ru\/wp-json\/wp\/v2\/pages\/4387\/revisions"}],"predecessor-version":[{"id":4728,"href":"https:\/\/nktours.ee\/ru\/wp-json\/wp\/v2\/pages\/4387\/revisions\/4728"}],"wp:attachment":[{"href":"https:\/\/nktours.ee\/ru\/wp-json\/wp\/v2\/media?parent=4387"}],"curies":[{"name":"wp","href":"https:\/\/api.w.org\/{rel}","templated":true}]}}