{"id":357,"date":"2021-08-18T07:22:03","date_gmt":"2021-08-18T07:22:03","guid":{"rendered":"https:\/\/nktours.ee\/contact\/"},"modified":"2024-08-24T12:22:45","modified_gmt":"2024-08-24T12:22:45","slug":"eripakkumised","status":"publish","type":"page","link":"https:\/\/nktours.ee\/ru\/eripakkumised\/","title":{"rendered":"\u041f\u0440\u0435\u0434\u043b\u043e\u0436\u0435\u043d\u0438\u044f"},"content":{"rendered":"<div data-elementor-type=\"wp-page\" data-elementor-id=\"357\" class=\"elementor elementor-357\" data-elementor-post-type=\"page\">\n\t\t\t\t\t\t<section class=\"elementor-section elementor-top-section elementor-element elementor-element-3fe9b93 elementor-section-height-min-height elementor-section-full_width elementor-section-height-default elementor-section-items-middle\" data-id=\"3fe9b93\" data-element_type=\"section\" data-e-type=\"section\" data-settings=\"{&quot;background_background&quot;:&quot;classic&quot;}\">\n\t\t\t\t\t\t\t<div class=\"elementor-background-overlay\"><\/div>\n\t\t\t\t\t\t\t<div class=\"elementor-container elementor-column-gap-default\">\n\t\t\t\t\t<div class=\"elementor-column elementor-col-100 elementor-top-column elementor-element elementor-element-789b57c3\" data-id=\"789b57c3\" data-element_type=\"column\" data-e-type=\"column\">\n\t\t\t<div class=\"elementor-widget-wrap elementor-element-populated\">\n\t\t\t\t\t\t<div class=\"elementor-element elementor-element-7bc16c0b elementor-widget__width-inherit elementor-widget elementor-widget-heading\" data-id=\"7bc16c0b\" data-element_type=\"widget\" data-e-type=\"widget\" data-widget_type=\"heading.default\">\n\t\t\t\t<div class=\"elementor-widget-container\">\n\t\t\t\t\t<h1 class=\"elementor-heading-title elementor-size-default\">ERIPAKKUMISED<\/h1>\t\t\t\t<\/div>\n\t\t\t\t<\/div>\n\t\t\t\t\t<\/div>\n\t\t<\/div>\n\t\t\t\t\t<\/div>\n\t\t<\/section>\n\t\t<div class=\"elementor-element elementor-element-cb648f0 e-flex e-con-boxed e-con e-parent\" data-id=\"cb648f0\" data-element_type=\"container\" data-e-type=\"container\">\n\t\t\t\t\t<div class=\"e-con-inner\">\n\t\t\t\t<div class=\"elementor-element elementor-element-840e746 elementor-widget elementor-widget-heading\" data-id=\"840e746\" data-element_type=\"widget\" data-e-type=\"widget\" data-widget_type=\"heading.default\">\n\t\t\t\t<div class=\"elementor-widget-container\">\n\t\t\t\t\t<h2 class=\"elementor-heading-title elementor-size-default\"><a href=\"https:\/\/nktours.ee\/ru\/?e-filter-50f8328-category=viimase-hetke-pakkumised\">ERIPAKKUMISED<\/a><\/h2>\t\t\t\t<\/div>\n\t\t\t\t<\/div>\n\t\t\t\t<div class=\"elementor-element elementor-element-0d53392 elementor-grid-3 elementor-grid-tablet-2 elementor-grid-mobile-1 elementor-posts--thumbnail-top elementor-widget elementor-widget-posts\" data-id=\"0d53392\" data-element_type=\"widget\" data-e-type=\"widget\" data-settings=\"{&quot;classic_columns&quot;:&quot;3&quot;,&quot;classic_columns_tablet&quot;:&quot;2&quot;,&quot;classic_columns_mobile&quot;:&quot;1&quot;,&quot;classic_row_gap&quot;:{&quot;unit&quot;:&quot;px&quot;,&quot;size&quot;:35,&quot;sizes&quot;:[]},&quot;classic_row_gap_tablet&quot;:{&quot;unit&quot;:&quot;px&quot;,&quot;size&quot;:&quot;&quot;,&quot;sizes&quot;:[]},&quot;classic_row_gap_mobile&quot;:{&quot;unit&quot;:&quot;px&quot;,&quot;size&quot;:&quot;&quot;,&quot;sizes&quot;:[]}}\" data-widget_type=\"posts.classic\">\n\t\t\t\t<div class=\"elementor-widget-container\">\n\t\t\t\t\t\t\t<div class=\"elementor-posts-container elementor-posts elementor-posts--skin-classic elementor-grid\" role=\"list\">\n\t\t\t\t<article class=\"elementor-post elementor-grid-item post-5763 post type-post status-publish format-standard has-post-thumbnail hentry category-puhkus-bulgaarias category-viimase-hetke-pakkumised tag-al-440-eur\" role=\"listitem\">\n\t\t\t\t<a class=\"elementor-post__thumbnail__link\" href=\"https:\/\/nktours.ee\/ru\/bulgaaria-alates-440-eur-kusi-pakkumist\/\" tabindex=\"-1\" >\n\t\t\t<div class=\"elementor-post__thumbnail\"><img fetchpriority=\"high\" decoding=\"async\" width=\"300\" height=\"200\" src=\"https:\/\/nktours.ee\/wp-content\/uploads\/2026\/04\/ec6466c69330e407297bea9ac2abb277_1140x761_80_1617023175_thumbnail_adb115059e28d960fa8badfac5516667-300x200.jpg\" class=\"attachment-medium size-medium wp-image-5764\" alt=\"\" srcset=\"https:\/\/nktours.ee\/wp-content\/uploads\/2026\/04\/ec6466c69330e407297bea9ac2abb277_1140x761_80_1617023175_thumbnail_adb115059e28d960fa8badfac5516667-300x200.jpg 300w, https:\/\/nktours.ee\/wp-content\/uploads\/2026\/04\/ec6466c69330e407297bea9ac2abb277_1140x761_80_1617023175_thumbnail_adb115059e28d960fa8badfac5516667-1024x684.jpg 1024w, https:\/\/nktours.ee\/wp-content\/uploads\/2026\/04\/ec6466c69330e407297bea9ac2abb277_1140x761_80_1617023175_thumbnail_adb115059e28d960fa8badfac5516667-768x513.jpg 768w, https:\/\/nktours.ee\/wp-content\/uploads\/2026\/04\/ec6466c69330e407297bea9ac2abb277_1140x761_80_1617023175_thumbnail_adb115059e28d960fa8badfac5516667-18x12.jpg 18w, https:\/\/nktours.ee\/wp-content\/uploads\/2026\/04\/ec6466c69330e407297bea9ac2abb277_1140x761_80_1617023175_thumbnail_adb115059e28d960fa8badfac5516667.jpg 1140w\" sizes=\"(max-width: 300px) 100vw, 300px\" \/><\/div>\n\t\t<\/a>\n\t\t\t\t<div class=\"elementor-post__text\">\n\t\t\t\t<h3 class=\"elementor-post__title\">\n\t\t\t<a href=\"https:\/\/nktours.ee\/ru\/bulgaaria-alates-440-eur-kusi-pakkumist\/\" >\n\t\t\t\tBulgaaria alates 440 eur! K\u00fcsi pakkumist!\t\t\t<\/a>\n\t\t<\/h3>\n\t\t\t\t<div class=\"elementor-post__excerpt\">\n\t\t\t<p>V\u00f5ta \u00fchendust ja k\u00fcsi oma reisiks sobivad kuup\u00e4evad ja kestus! +372 58058471 info@nktours.ee N\u00e4idispakkumine:Hind inimese kohta kaheses toas. Lastele soodustused Riva Park 4*\/Sunny Beach\/k\u00f5ik hinnas631 Eur 29.05, 7 \u00f6\u00f6d Riagor 4*\/Sunny Beach\/k\u00f5ik hinnas631 Eur 29.05, 7 \u00f6\u00f6d Moonlight 5*\/St.Vlas\/k\u00f5ik hinnas686 Eur 29.05, 7 \u00f6\u00f6d Hinnas sisaldub: otselend Tallinnast, transfeerid, esindaja<\/p>\n\t\t<\/div>\n\t\t\n\t\t<a class=\"elementor-post__read-more\" href=\"https:\/\/nktours.ee\/ru\/bulgaaria-alates-440-eur-kusi-pakkumist\/\" aria-label=\"Read more about Bulgaaria alates 440 eur! K\u00fcsi pakkumist!\" tabindex=\"-1\" >\n\t\t\tLoe edasi \u00bb\t\t<\/a>\n\n\t\t\t\t<\/div>\n\t\t\t\t<\/article>\n\t\t\t\t<article class=\"elementor-post elementor-grid-item post-5759 post type-post status-publish format-standard has-post-thumbnail hentry category-puhkus-turgis category-viimase-hetke-pakkumised tag-al-428-eur\" role=\"listitem\">\n\t\t\t\t<a class=\"elementor-post__thumbnail__link\" href=\"https:\/\/nktours.ee\/ru\/5%e2%98%85-hotell-kemeri-linnas-alates-428-e-turgi\/\" tabindex=\"-1\" >\n\t\t\t<div class=\"elementor-post__thumbnail\"><img decoding=\"async\" width=\"300\" height=\"167\" src=\"https:\/\/nktours.ee\/wp-content\/uploads\/2026\/04\/arma-s-beach-hotel-300x167.jpg\" class=\"attachment-medium size-medium wp-image-5760\" alt=\"\" srcset=\"https:\/\/nktours.ee\/wp-content\/uploads\/2026\/04\/arma-s-beach-hotel-300x167.jpg 300w, https:\/\/nktours.ee\/wp-content\/uploads\/2026\/04\/arma-s-beach-hotel-768x427.jpg 768w, https:\/\/nktours.ee\/wp-content\/uploads\/2026\/04\/arma-s-beach-hotel-18x10.jpg 18w, https:\/\/nktours.ee\/wp-content\/uploads\/2026\/04\/arma-s-beach-hotel.jpg 900w\" sizes=\"(max-width: 300px) 100vw, 300px\" \/><\/div>\n\t\t<\/a>\n\t\t\t\t<div class=\"elementor-post__text\">\n\t\t\t\t<h3 class=\"elementor-post__title\">\n\t\t\t<a href=\"https:\/\/nktours.ee\/ru\/5%e2%98%85-hotell-kemeri-linnas-alates-428-e-turgi\/\" >\n\t\t\t\t5\u2605 hotell Kemeri linnas alates 428 \u20ac. T\u00fcrgi\t\t\t<\/a>\n\t\t<\/h3>\n\t\t\t\t<div class=\"elementor-post__excerpt\">\n\t\t\t<p>V\u00f5ta \u00fchendust ja k\u00fcsi oma reisiks sobivad kuup\u00e4evad ja kestus! +372 58058471 info@nktours.ee Armas Beach Hotel 5* &#8211; Suurep\u00e4rane hotell v\u00e4ga hea hinna ja kvaliteedi suhtega. Asukoht Kemeris on v\u00e4ga mugav \u2013 k\u00f5ik on l\u00e4hedal. Avar rand ja restoran, mitmekesine toit. Suurep\u00e4rane valik mugavaks puhkuseks. Hinnas sisaldub: otselend Tallinnast, transfeerid,<\/p>\n\t\t<\/div>\n\t\t\n\t\t<a class=\"elementor-post__read-more\" href=\"https:\/\/nktours.ee\/ru\/5%e2%98%85-hotell-kemeri-linnas-alates-428-e-turgi\/\" aria-label=\"Read more about 5\u2605 hotell Kemeri linnas alates 428 \u20ac. T\u00fcrgi\" tabindex=\"-1\" >\n\t\t\tLoe edasi \u00bb\t\t<\/a>\n\n\t\t\t\t<\/div>\n\t\t\t\t<\/article>\n\t\t\t\t<article class=\"elementor-post elementor-grid-item post-5738 post type-post status-publish format-standard has-post-thumbnail hentry category-puhkus-turgis category-viimase-hetke-pakkumised tag-al-458-eur-2\" role=\"listitem\">\n\t\t\t\t<a class=\"elementor-post__thumbnail__link\" href=\"https:\/\/nktours.ee\/ru\/5%e2%98%85-kuurorthotell-suureparase-hinna-ja-vaga-korgete-klientide-hinnangutega-turgi\/\" tabindex=\"-1\" >\n\t\t\t<div class=\"elementor-post__thumbnail\"><img decoding=\"async\" width=\"300\" height=\"133\" src=\"https:\/\/nktours.ee\/wp-content\/uploads\/2026\/04\/ma-biche-kemer-e64a0-300x133.jpg\" class=\"attachment-medium size-medium wp-image-5747\" alt=\"\" srcset=\"https:\/\/nktours.ee\/wp-content\/uploads\/2026\/04\/ma-biche-kemer-e64a0-300x133.jpg 300w, https:\/\/nktours.ee\/wp-content\/uploads\/2026\/04\/ma-biche-kemer-e64a0-1024x453.jpg 1024w, https:\/\/nktours.ee\/wp-content\/uploads\/2026\/04\/ma-biche-kemer-e64a0-768x340.jpg 768w, https:\/\/nktours.ee\/wp-content\/uploads\/2026\/04\/ma-biche-kemer-e64a0-1536x680.jpg 1536w, https:\/\/nktours.ee\/wp-content\/uploads\/2026\/04\/ma-biche-kemer-e64a0-18x8.jpg 18w, https:\/\/nktours.ee\/wp-content\/uploads\/2026\/04\/ma-biche-kemer-e64a0.jpg 1920w\" sizes=\"(max-width: 300px) 100vw, 300px\" \/><\/div>\n\t\t<\/a>\n\t\t\t\t<div class=\"elementor-post__text\">\n\t\t\t\t<h3 class=\"elementor-post__title\">\n\t\t\t<a href=\"https:\/\/nktours.ee\/ru\/5%e2%98%85-kuurorthotell-suureparase-hinna-ja-vaga-korgete-klientide-hinnangutega-turgi\/\" >\n\t\t\t\t5\u2605 kuurorthotell alates 458 \u20ac soodsa hinna ja v\u00e4ga k\u00f5rgete klientide hinnangutega. T\u00fcrgi\t\t\t<\/a>\n\t\t<\/h3>\n\t\t\t\t<div class=\"elementor-post__excerpt\">\n\t\t\t<p>V\u00f5ta \u00fchendust ja k\u00fcsi oma reisiks sobivad kuup\u00e4evad ja kestus! +372 58058471 info@nktours.ee Ma Biche 5*\/ultra k\u00f5ik hinnas &#8211; Imeline hotell suurep\u00e4rase asukoha, puhta \u00f5hu ja rohelusse uppuva \u00fcmbrusega, hingematvate merevaadetega, k\u00f5rgetasemelise teeninduse, maitsva toidu ja v\u00e4ga k\u00f5rge kliendihinnanguga \u2014 ideaalne koht puhkuseks! Hinnas sisaldub: otselend Tallinnast, transfeerid, esindaja teenused,<\/p>\n\t\t<\/div>\n\t\t\n\t\t<a class=\"elementor-post__read-more\" href=\"https:\/\/nktours.ee\/ru\/5%e2%98%85-kuurorthotell-suureparase-hinna-ja-vaga-korgete-klientide-hinnangutega-turgi\/\" aria-label=\"Read more about 5\u2605 kuurorthotell alates 458 \u20ac soodsa hinna ja v\u00e4ga k\u00f5rgete klientide hinnangutega. T\u00fcrgi\" tabindex=\"-1\" >\n\t\t\tLoe edasi \u00bb\t\t<\/a>\n\n\t\t\t\t<\/div>\n\t\t\t\t<\/article>\n\t\t\t\t<article class=\"elementor-post elementor-grid-item post-5728 post type-post status-publish format-standard has-post-thumbnail hentry category-puhkus-turgis category-viimase-hetke-pakkumised\" role=\"listitem\">\n\t\t\t\t<a class=\"elementor-post__thumbnail__link\" href=\"https:\/\/nktours.ee\/ru\/lapsed-oobivad-tasuta-rixos-hotellid-egiptus\/\" tabindex=\"-1\" >\n\t\t\t<div class=\"elementor-post__thumbnail\"><img loading=\"lazy\" decoding=\"async\" width=\"300\" height=\"201\" src=\"https:\/\/nktours.ee\/wp-content\/uploads\/2025\/07\/\u0421\u0435\u043c\u044c\u044f-300x201.jpeg\" class=\"attachment-medium size-medium wp-image-5524\" alt=\"\" srcset=\"https:\/\/nktours.ee\/wp-content\/uploads\/2025\/07\/\u0421\u0435\u043c\u044c\u044f-300x201.jpeg 300w, https:\/\/nktours.ee\/wp-content\/uploads\/2025\/07\/\u0421\u0435\u043c\u044c\u044f-1024x686.jpeg 1024w, https:\/\/nktours.ee\/wp-content\/uploads\/2025\/07\/\u0421\u0435\u043c\u044c\u044f-768x514.jpeg 768w, https:\/\/nktours.ee\/wp-content\/uploads\/2025\/07\/\u0421\u0435\u043c\u044c\u044f-18x12.jpeg 18w, https:\/\/nktours.ee\/wp-content\/uploads\/2025\/07\/\u0421\u0435\u043c\u044c\u044f.jpeg 1299w\" sizes=\"(max-width: 300px) 100vw, 300px\" \/><\/div>\n\t\t<\/a>\n\t\t\t\t<div class=\"elementor-post__text\">\n\t\t\t\t<h3 class=\"elementor-post__title\">\n\t\t\t<a href=\"https:\/\/nktours.ee\/ru\/lapsed-oobivad-tasuta-rixos-hotellid-egiptus\/\" >\n\t\t\t\tLapsed \u00f6\u00f6bivad tasuta! Rixos hotellid! Egiptus\t\t\t<\/a>\n\t\t<\/h3>\n\t\t\t\t<div class=\"elementor-post__excerpt\">\n\t\t\t<p>V\u00f5ta \u00fchendust ja k\u00fcsi oma reisiks sobivad kuup\u00e4evad ja kestus! +372 58058471 info@nktours.ee Muutke oma j\u00e4rgmine perepuhkus unustamatuks\u00a0Rixosega! Kuni 11,99-aastased laspsed\u00a0saavad praegu nautida\u00a0TASUTA majutust\u00a0meie esmaklassilistes Egiptuse kuurortides. See on suurep\u00e4rane v\u00f5imalus nautida luksust, samal ajal kui pisikesed peatuvad ilma lisatasuta. \u00c4rge j\u00e4tke kasutamata v\u00f5imalust muuta oma klientide unistused luksuslikuks perepuhkuseks!\u00a0<\/p>\n\t\t<\/div>\n\t\t\n\t\t<a class=\"elementor-post__read-more\" href=\"https:\/\/nktours.ee\/ru\/lapsed-oobivad-tasuta-rixos-hotellid-egiptus\/\" aria-label=\"Read more about Lapsed \u00f6\u00f6bivad tasuta! Rixos hotellid! Egiptus\" tabindex=\"-1\" >\n\t\t\tLoe edasi \u00bb\t\t<\/a>\n\n\t\t\t\t<\/div>\n\t\t\t\t<\/article>\n\t\t\t\t<article class=\"elementor-post elementor-grid-item post-5726 post type-post status-publish format-standard has-post-thumbnail hentry category-viimase-hetke-pakkumised tag-al-751-eur\" role=\"listitem\">\n\t\t\t\t<a class=\"elementor-post__thumbnail__link\" href=\"https:\/\/nktours.ee\/ru\/kupros-kutsub-puhkama-7-ood-al-751-eur\/\" tabindex=\"-1\" >\n\t\t\t<div class=\"elementor-post__thumbnail\"><img loading=\"lazy\" decoding=\"async\" width=\"300\" height=\"201\" src=\"https:\/\/nktours.ee\/wp-content\/uploads\/2024\/09\/\u0413\u0434\u0435-\u0432-\u0422\u0443\u0440\u0446\u0438\u0438-\u0441\u0430\u043c\u043e\u0435-\u043a\u0440\u0430\u0441\u0438\u0432\u043e\u0435-\u0438-\u0447\u0438\u0441\u0442\u043e\u0435-\u043c\u043e\u0440\u0435-300x201.jpg\" class=\"attachment-medium size-medium wp-image-5120\" alt=\"\" srcset=\"https:\/\/nktours.ee\/wp-content\/uploads\/2024\/09\/\u0413\u0434\u0435-\u0432-\u0422\u0443\u0440\u0446\u0438\u0438-\u0441\u0430\u043c\u043e\u0435-\u043a\u0440\u0430\u0441\u0438\u0432\u043e\u0435-\u0438-\u0447\u0438\u0441\u0442\u043e\u0435-\u043c\u043e\u0440\u0435-300x201.jpg 300w, https:\/\/nktours.ee\/wp-content\/uploads\/2024\/09\/\u0413\u0434\u0435-\u0432-\u0422\u0443\u0440\u0446\u0438\u0438-\u0441\u0430\u043c\u043e\u0435-\u043a\u0440\u0430\u0441\u0438\u0432\u043e\u0435-\u0438-\u0447\u0438\u0441\u0442\u043e\u0435-\u043c\u043e\u0440\u0435-768x515.jpg 768w, https:\/\/nktours.ee\/wp-content\/uploads\/2024\/09\/\u0413\u0434\u0435-\u0432-\u0422\u0443\u0440\u0446\u0438\u0438-\u0441\u0430\u043c\u043e\u0435-\u043a\u0440\u0430\u0441\u0438\u0432\u043e\u0435-\u0438-\u0447\u0438\u0441\u0442\u043e\u0435-\u043c\u043e\u0440\u0435-18x12.jpg 18w, https:\/\/nktours.ee\/wp-content\/uploads\/2024\/09\/\u0413\u0434\u0435-\u0432-\u0422\u0443\u0440\u0446\u0438\u0438-\u0441\u0430\u043c\u043e\u0435-\u043a\u0440\u0430\u0441\u0438\u0432\u043e\u0435-\u0438-\u0447\u0438\u0441\u0442\u043e\u0435-\u043c\u043e\u0440\u0435.jpg 800w\" sizes=\"(max-width: 300px) 100vw, 300px\" \/><\/div>\n\t\t<\/a>\n\t\t\t\t<div class=\"elementor-post__text\">\n\t\t\t\t<h3 class=\"elementor-post__title\">\n\t\t\t<a href=\"https:\/\/nktours.ee\/ru\/kupros-kutsub-puhkama-7-ood-al-751-eur\/\" >\n\t\t\t\tK\u00fcpros kutsub puhkama! 7 \u00f6\u00f6d al 751 EUR!\t\t\t<\/a>\n\t\t<\/h3>\n\t\t\t\t<div class=\"elementor-post__excerpt\">\n\t\t\t<p>V\u00f5ta \u00fchendust ja k\u00fcsi oma reisiks sobivad kuup\u00e4evad ja kestus! +372 58058471 info@nktours.ee K\u00fcpros\u00a0on ideaalne segu p\u00e4ikesepaistest, kaunitest randadest ja rikkalikust ajaloost. Nautige maitsvat Vahemere k\u00f6\u00f6ki, kristallselget vett ja unustamatuid puhkusehetki. Hind inimese kohta. Lastele on soodustused. \u2708\ufe0f29.09.2026, K\u00fcpros, 1\/2 DBL, 7 \u00f6\u00f6dSweet Memories Hotel Apartments Apart-Hotel\u00a0RO, al\u00a0751 EUREuronapa Hotel<\/p>\n\t\t<\/div>\n\t\t\n\t\t<a class=\"elementor-post__read-more\" href=\"https:\/\/nktours.ee\/ru\/kupros-kutsub-puhkama-7-ood-al-751-eur\/\" aria-label=\"Read more about K\u00fcpros kutsub puhkama! 7 \u00f6\u00f6d al 751 EUR!\" tabindex=\"-1\" >\n\t\t\tLoe edasi \u00bb\t\t<\/a>\n\n\t\t\t\t<\/div>\n\t\t\t\t<\/article>\n\t\t\t\t<article class=\"elementor-post elementor-grid-item post-5721 post type-post status-publish format-standard has-post-thumbnail hentry category-puhkus-montenegros category-viimase-hetke-pakkumised tag-al-473-eur\" role=\"listitem\">\n\t\t\t\t<a class=\"elementor-post__thumbnail__link\" href=\"https:\/\/nktours.ee\/ru\/avasta-montenegrot-7-ood-al-473-eur\/\" tabindex=\"-1\" >\n\t\t\t<div class=\"elementor-post__thumbnail\"><img loading=\"lazy\" decoding=\"async\" width=\"300\" height=\"200\" src=\"https:\/\/nktours.ee\/wp-content\/uploads\/2024\/01\/montenegro-4427293_1280-300x200.webp\" class=\"attachment-medium size-medium wp-image-2266\" alt=\"\" srcset=\"https:\/\/nktours.ee\/wp-content\/uploads\/2024\/01\/montenegro-4427293_1280-300x200.webp 300w, https:\/\/nktours.ee\/wp-content\/uploads\/2024\/01\/montenegro-4427293_1280-1024x682.webp 1024w, https:\/\/nktours.ee\/wp-content\/uploads\/2024\/01\/montenegro-4427293_1280-768x512.webp 768w, https:\/\/nktours.ee\/wp-content\/uploads\/2024\/01\/montenegro-4427293_1280-600x400.webp 600w, https:\/\/nktours.ee\/wp-content\/uploads\/2024\/01\/montenegro-4427293_1280.webp 1280w\" sizes=\"(max-width: 300px) 100vw, 300px\" \/><\/div>\n\t\t<\/a>\n\t\t\t\t<div class=\"elementor-post__text\">\n\t\t\t\t<h3 class=\"elementor-post__title\">\n\t\t\t<a href=\"https:\/\/nktours.ee\/ru\/avasta-montenegrot-7-ood-al-473-eur\/\" >\n\t\t\t\tAvasta Montenegrot! 7 \u00f6\u00f6d al 473 EUR!\t\t\t<\/a>\n\t\t<\/h3>\n\t\t\t\t<div class=\"elementor-post__excerpt\">\n\t\t\t<p>V\u00f5ta \u00fchendust ja k\u00fcsi oma reisiks sobivad kuup\u00e4evad ja kestus! +372 58058471 info@nktours.ee Suvehooaja l\u00e4henedes valmistub\u00a0Montenegro\u00a0taas \u00fcllatama oma smaragdrohelise vee ja keskaegsete linnade v\u00f5luga. Soovime, et reisijad saaksid tunda Aadria mere piirkonna t\u00f5elist vaimu, seega tuletame meelde, et\u00a0Mai kuus reisijaid ootab kaks toredat kingitust:\u00a0tutvumine UNESCO kaitse all oleva Kotori lahega<\/p>\n\t\t<\/div>\n\t\t\n\t\t<a class=\"elementor-post__read-more\" href=\"https:\/\/nktours.ee\/ru\/avasta-montenegrot-7-ood-al-473-eur\/\" aria-label=\"Read more about Avasta Montenegrot! 7 \u00f6\u00f6d al 473 EUR!\" tabindex=\"-1\" >\n\t\t\tLoe edasi \u00bb\t\t<\/a>\n\n\t\t\t\t<\/div>\n\t\t\t\t<\/article>\n\t\t\t\t<\/div>\n\t\t\n\t\t\t\t\t\t<\/div>\n\t\t\t\t<\/div>\n\t\t\t\t\t<\/div>\n\t\t\t\t<\/div>\n\t\t\t\t<\/div>","protected":false},"excerpt":{"rendered":"<p>ERIPAKKUMISED ERIPAKKUMISED<\/p>","protected":false},"author":1,"featured_media":0,"parent":0,"menu_order":0,"comment_status":"closed","ping_status":"closed","template":"","meta":{"_uag_custom_page_level_css":"","footnotes":""},"class_list":["post-357","page","type-page","status-publish","hentry"],"uagb_featured_image_src":{"full":false,"thumbnail":false,"medium":false,"medium_large":false,"large":false,"1536x1536":false,"2048x2048":false,"trp-custom-language-flag":false},"uagb_author_info":{"display_name":"vmxwv","author_link":"https:\/\/nktours.ee\/ru\/author\/vmxwv\/"},"uagb_comment_info":0,"uagb_excerpt":"ERIPAKKUMISED ERIPAKKUMISED","_links":{"self":[{"href":"https:\/\/nktours.ee\/ru\/wp-json\/wp\/v2\/pages\/357","targetHints":{"allow":["GET"]}}],"collection":[{"href":"https:\/\/nktours.ee\/ru\/wp-json\/wp\/v2\/pages"}],"about":[{"href":"https:\/\/nktours.ee\/ru\/wp-json\/wp\/v2\/types\/page"}],"author":[{"embeddable":true,"href":"https:\/\/nktours.ee\/ru\/wp-json\/wp\/v2\/users\/1"}],"replies":[{"embeddable":true,"href":"https:\/\/nktours.ee\/ru\/wp-json\/wp\/v2\/comments?post=357"}],"version-history":[{"count":510,"href":"https:\/\/nktours.ee\/ru\/wp-json\/wp\/v2\/pages\/357\/revisions"}],"predecessor-version":[{"id":4923,"href":"https:\/\/nktours.ee\/ru\/wp-json\/wp\/v2\/pages\/357\/revisions\/4923"}],"wp:attachment":[{"href":"https:\/\/nktours.ee\/ru\/wp-json\/wp\/v2\/media?parent=357"}],"curies":[{"name":"wp","href":"https:\/\/api.w.org\/{rel}","templated":true}]}}