{"id":2837,"date":"2024-01-31T12:46:46","date_gmt":"2024-01-31T12:46:46","guid":{"rendered":"https:\/\/nktours.ee\/et\/?page_id=2837"},"modified":"2024-08-19T07:40:50","modified_gmt":"2024-08-19T07:40:50","slug":"kreeka","status":"publish","type":"page","link":"https:\/\/nktours.ee\/ru\/kreeka\/","title":{"rendered":"\u0413\u0440\u0435\u0446\u0438\u044f"},"content":{"rendered":"<div style=\"height:50px\" aria-hidden=\"true\" class=\"wp-block-spacer\"><\/div>\n\n\n\t\t\t\t\t<div\n\t\t\t\t\t\tclass=\"wp-block-uagb-image-gallery uagb-block-30d6b4d5\"\n\t\t\t\t\t\tstyle=\"\"\n\t\t\t\t\t>\n\t\t\t\t\t\t\t\t\t\t\t<div class=\"spectra-image-gallery spectra-image-gallery__layout--carousel\">\n\t\t\t\t\t\t\t\t<div class=\"uagb-slick-carousel uagb-block-30d6b4d5\">\n\t\t\t\t\t\t\t\t\t\t\t\t<div class='spectra-image-gallery__media-wrapper' data-spectra-gallery-image-id='4361'>\n\t\t\t\t\t\t\t<div class=\"spectra-image-gallery__media spectra-image-gallery__media--carousel\">\n\t\t\t\t<picture>\n\t\t\t\t\t<source media=\"(min-width: 1024px)\" srcset=\"https:\/\/nktours.ee\/wp-content\/uploads\/2024\/08\/greece4-796x1024.jpeg\">\n\t\t\t\t\t<source media=\"(min-width: 768px)\" srcset=\"https:\/\/nktours.ee\/wp-content\/uploads\/2024\/08\/greece4-796x1024.jpeg\">\n\t\t\t\t\t<img decoding=\"async\" class=\"spectra-image-gallery__media-thumbnail spectra-image-gallery__media-thumbnail--carousel\" src=\"https:\/\/nktours.ee\/wp-content\/uploads\/2024\/08\/greece4-233x300.jpeg\" alt=\"\" loading=\"lazy\" \/>\n\t\t\t\t<\/picture>\n\t\t\t\t<div class=\"spectra-image-gallery__media-thumbnail-blurrer\"><\/div>\n\t\t\t\t\t\t\t\t\t\t\t<div class=\"spectra-image-gallery__media-thumbnail-caption-wrapper spectra-image-gallery__media-thumbnail-caption-wrapper--overlay\"><\/div>\n\t\t\t\t\t\t\t\t<\/div>\n\t\t\t\t\t\t<\/div>\n\t\t\t\t\t\t<div class='spectra-image-gallery__media-wrapper' data-spectra-gallery-image-id='4363'>\n\t\t\t\t\t\t\t<div class=\"spectra-image-gallery__media spectra-image-gallery__media--carousel\">\n\t\t\t\t<picture>\n\t\t\t\t\t<source media=\"(min-width: 1024px)\" srcset=\"https:\/\/nktours.ee\/wp-content\/uploads\/2024\/08\/greece3-820x1024.jpeg\">\n\t\t\t\t\t<source media=\"(min-width: 768px)\" srcset=\"https:\/\/nktours.ee\/wp-content\/uploads\/2024\/08\/greece3-820x1024.jpeg\">\n\t\t\t\t\t<img decoding=\"async\" class=\"spectra-image-gallery__media-thumbnail spectra-image-gallery__media-thumbnail--carousel\" src=\"https:\/\/nktours.ee\/wp-content\/uploads\/2024\/08\/greece3-240x300.jpeg\" alt=\"\" loading=\"lazy\" \/>\n\t\t\t\t<\/picture>\n\t\t\t\t<div class=\"spectra-image-gallery__media-thumbnail-blurrer\"><\/div>\n\t\t\t\t\t\t\t\t\t\t\t<div class=\"spectra-image-gallery__media-thumbnail-caption-wrapper spectra-image-gallery__media-thumbnail-caption-wrapper--overlay\"><\/div>\n\t\t\t\t\t\t\t\t<\/div>\n\t\t\t\t\t\t<\/div>\n\t\t\t\t\t\t<div class='spectra-image-gallery__media-wrapper' data-spectra-gallery-image-id='4365'>\n\t\t\t\t\t\t\t<div class=\"spectra-image-gallery__media spectra-image-gallery__media--carousel\">\n\t\t\t\t<picture>\n\t\t\t\t\t<source media=\"(min-width: 1024px)\" srcset=\"https:\/\/nktours.ee\/wp-content\/uploads\/2024\/08\/greece2-773x1024.jpeg\">\n\t\t\t\t\t<source media=\"(min-width: 768px)\" srcset=\"https:\/\/nktours.ee\/wp-content\/uploads\/2024\/08\/greece2-773x1024.jpeg\">\n\t\t\t\t\t<img decoding=\"async\" class=\"spectra-image-gallery__media-thumbnail spectra-image-gallery__media-thumbnail--carousel\" src=\"https:\/\/nktours.ee\/wp-content\/uploads\/2024\/08\/greece2-227x300.jpeg\" alt=\"\" loading=\"lazy\" \/>\n\t\t\t\t<\/picture>\n\t\t\t\t<div class=\"spectra-image-gallery__media-thumbnail-blurrer\"><\/div>\n\t\t\t\t\t\t\t\t\t\t\t<div class=\"spectra-image-gallery__media-thumbnail-caption-wrapper spectra-image-gallery__media-thumbnail-caption-wrapper--overlay\"><\/div>\n\t\t\t\t\t\t\t\t<\/div>\n\t\t\t\t\t\t<\/div>\n\t\t\t\t\t\t<div class='spectra-image-gallery__media-wrapper' data-spectra-gallery-image-id='4360'>\n\t\t\t\t\t\t\t<div class=\"spectra-image-gallery__media spectra-image-gallery__media--carousel\">\n\t\t\t\t<picture>\n\t\t\t\t\t<source media=\"(min-width: 1024px)\" srcset=\"https:\/\/nktours.ee\/wp-content\/uploads\/2024\/08\/greece5-795x1024.jpeg\">\n\t\t\t\t\t<source media=\"(min-width: 768px)\" srcset=\"https:\/\/nktours.ee\/wp-content\/uploads\/2024\/08\/greece5-795x1024.jpeg\">\n\t\t\t\t\t<img decoding=\"async\" class=\"spectra-image-gallery__media-thumbnail spectra-image-gallery__media-thumbnail--carousel\" src=\"https:\/\/nktours.ee\/wp-content\/uploads\/2024\/08\/greece5-233x300.jpeg\" alt=\"\" loading=\"lazy\" \/>\n\t\t\t\t<\/picture>\n\t\t\t\t<div class=\"spectra-image-gallery__media-thumbnail-blurrer\"><\/div>\n\t\t\t\t\t\t\t\t\t\t\t<div class=\"spectra-image-gallery__media-thumbnail-caption-wrapper spectra-image-gallery__media-thumbnail-caption-wrapper--overlay\"><\/div>\n\t\t\t\t\t\t\t\t<\/div>\n\t\t\t\t\t\t<\/div>\n\t\t\t\t\t\t<div class='spectra-image-gallery__media-wrapper' data-spectra-gallery-image-id='4366'>\n\t\t\t\t\t\t\t<div class=\"spectra-image-gallery__media spectra-image-gallery__media--carousel\">\n\t\t\t\t<picture>\n\t\t\t\t\t<source media=\"(min-width: 1024px)\" srcset=\"https:\/\/nktours.ee\/wp-content\/uploads\/2024\/08\/greece1-768x1024.jpeg\">\n\t\t\t\t\t<source media=\"(min-width: 768px)\" srcset=\"https:\/\/nktours.ee\/wp-content\/uploads\/2024\/08\/greece1-768x1024.jpeg\">\n\t\t\t\t\t<img decoding=\"async\" class=\"spectra-image-gallery__media-thumbnail spectra-image-gallery__media-thumbnail--carousel\" src=\"https:\/\/nktours.ee\/wp-content\/uploads\/2024\/08\/greece1-225x300.jpeg\" alt=\"\" loading=\"lazy\" \/>\n\t\t\t\t<\/picture>\n\t\t\t\t<div class=\"spectra-image-gallery__media-thumbnail-blurrer\"><\/div>\n\t\t\t\t\t\t\t\t\t\t\t<div class=\"spectra-image-gallery__media-thumbnail-caption-wrapper spectra-image-gallery__media-thumbnail-caption-wrapper--overlay\"><\/div>\n\t\t\t\t\t\t\t\t<\/div>\n\t\t\t\t\t\t<\/div>\n\t\t\t\t\t\t<div class='spectra-image-gallery__media-wrapper' data-spectra-gallery-image-id='4359'>\n\t\t\t\t\t\t\t<div class=\"spectra-image-gallery__media spectra-image-gallery__media--carousel\">\n\t\t\t\t<picture>\n\t\t\t\t\t<source media=\"(min-width: 1024px)\" srcset=\"https:\/\/nktours.ee\/wp-content\/uploads\/2024\/08\/greece6-796x1024.jpeg\">\n\t\t\t\t\t<source media=\"(min-width: 768px)\" srcset=\"https:\/\/nktours.ee\/wp-content\/uploads\/2024\/08\/greece6-796x1024.jpeg\">\n\t\t\t\t\t<img decoding=\"async\" class=\"spectra-image-gallery__media-thumbnail spectra-image-gallery__media-thumbnail--carousel\" src=\"https:\/\/nktours.ee\/wp-content\/uploads\/2024\/08\/greece6-233x300.jpeg\" alt=\"\" loading=\"lazy\" \/>\n\t\t\t\t<\/picture>\n\t\t\t\t<div class=\"spectra-image-gallery__media-thumbnail-blurrer\"><\/div>\n\t\t\t\t\t\t\t\t\t\t\t<div class=\"spectra-image-gallery__media-thumbnail-caption-wrapper spectra-image-gallery__media-thumbnail-caption-wrapper--overlay\"><\/div>\n\t\t\t\t\t\t\t\t<\/div>\n\t\t\t\t\t\t<\/div>\n\t\t\t\t\t\t\t\t\t\t\t<\/div>\n\t\t\t\t\t\t\t<\/div>\n\t\t\t\t\t\t\t\t\t\t\t<\/div>\n\t\t\t\t\t\t\t\t\t\t\t<div class='spectra-image-gallery__control-lightbox' tabindex='0'>\n\t\t\t\t\t\t\t\t\t\t\t<div class=\"swiper spectra-image-gallery__control-lightbox--main\" dir=\"\">\n\t\t\t\t\t<div class=\"swiper-wrapper\">\n\t\t\t\t\t\t\t\t\t\t\t\t\t\n\t\t\t\t\t\t\t<div class=\"swiper-slide\">\n\t\t\t\t\t\t\t\t<img class=\"swiper-lazy\" data-src=\"https:\/\/nktours.ee\/wp-content\/uploads\/2024\/08\/greece4.jpeg\" alt=\"\"\/>\n\t\t\t\t\t\t\t\t<div class=\"swiper-lazy-preloader swiper-lazy-preloader-white\"><\/div>\n\t\t\t\t\t\t\t\t\t\t\t\t\t\t\t<\/div>\n\t\t\t\t\t\t\t\t\t\t\t\t\t\n\t\t\t\t\t\t\t<div class=\"swiper-slide\">\n\t\t\t\t\t\t\t\t<img class=\"swiper-lazy\" data-src=\"https:\/\/nktours.ee\/wp-content\/uploads\/2024\/08\/greece3.jpeg\" alt=\"\"\/>\n\t\t\t\t\t\t\t\t<div class=\"swiper-lazy-preloader swiper-lazy-preloader-white\"><\/div>\n\t\t\t\t\t\t\t\t\t\t\t\t\t\t\t<\/div>\n\t\t\t\t\t\t\t\t\t\t\t\t\t\n\t\t\t\t\t\t\t<div class=\"swiper-slide\">\n\t\t\t\t\t\t\t\t<img class=\"swiper-lazy\" data-src=\"https:\/\/nktours.ee\/wp-content\/uploads\/2024\/08\/greece2.jpeg\" alt=\"\"\/>\n\t\t\t\t\t\t\t\t<div class=\"swiper-lazy-preloader swiper-lazy-preloader-white\"><\/div>\n\t\t\t\t\t\t\t\t\t\t\t\t\t\t\t<\/div>\n\t\t\t\t\t\t\t\t\t\t\t\t\t\n\t\t\t\t\t\t\t<div class=\"swiper-slide\">\n\t\t\t\t\t\t\t\t<img class=\"swiper-lazy\" data-src=\"https:\/\/nktours.ee\/wp-content\/uploads\/2024\/08\/greece5.jpeg\" alt=\"\"\/>\n\t\t\t\t\t\t\t\t<div class=\"swiper-lazy-preloader swiper-lazy-preloader-white\"><\/div>\n\t\t\t\t\t\t\t\t\t\t\t\t\t\t\t<\/div>\n\t\t\t\t\t\t\t\t\t\t\t\t\t\n\t\t\t\t\t\t\t<div class=\"swiper-slide\">\n\t\t\t\t\t\t\t\t<img class=\"swiper-lazy\" data-src=\"https:\/\/nktours.ee\/wp-content\/uploads\/2024\/08\/greece1.jpeg\" alt=\"\"\/>\n\t\t\t\t\t\t\t\t<div class=\"swiper-lazy-preloader swiper-lazy-preloader-white\"><\/div>\n\t\t\t\t\t\t\t\t\t\t\t\t\t\t\t<\/div>\n\t\t\t\t\t\t\t\t\t\t\t\t\t\n\t\t\t\t\t\t\t<div class=\"swiper-slide\">\n\t\t\t\t\t\t\t\t<img class=\"swiper-lazy\" data-src=\"https:\/\/nktours.ee\/wp-content\/uploads\/2024\/08\/greece6.jpeg\" alt=\"\"\/>\n\t\t\t\t\t\t\t\t<div class=\"swiper-lazy-preloader swiper-lazy-preloader-white\"><\/div>\n\t\t\t\t\t\t\t\t\t\t\t\t\t\t\t<\/div>\n\t\t\t\t\t\t\t\t\t\t\t<\/div>\n\t\t\t\t\t<div class=\"swiper-button-next\"><\/div>\n\t\t\t\t\t<div class=\"swiper-button-prev\"><\/div>\n\t\t\t\t<\/div>\t\t\t\n\t\t\t\t\t\t\t\t\t\t\t\t\t\t\t\t\t\t\t\t\t\t\t\t\t\t\t\t\t\t\t\t<button class='spectra-image-gallery__control-lightbox--close' aria-label=\"Close\">\n\t\t\t\t\t\t\t\t\t\t\t\t\t<svg xmlns=\"https:\/\/www.w3.org\/2000\/svg\" viewbox= \"0 0 320 512\"><path d=\"M310.6 361.4c12.5 12.5 12.5 32.75 0 45.25C304.4 412.9 296.2 416 288 416s-16.38-3.125-22.62-9.375L160 301.3L54.63 406.6C48.38 412.9 40.19 416 32 416S15.63 412.9 9.375 406.6c-12.5-12.5-12.5-32.75 0-45.25l105.4-105.4L9.375 150.6c-12.5-12.5-12.5-32.75 0-45.25s32.75-12.5 45.25 0L160 210.8l105.4-105.4c12.5-12.5 32.75-12.5 45.25 0s12.5 32.75 0 45.25l-105.4 105.4L310.6 361.4z\"><\/path><\/svg>\n\t\t\t\t\t\t\t\t\t\t\t\t<\/button>\n\t\t\t\t\t\t\t\t\t\t\t\t\t<\/div>\n\t\t\t\t\t\t\t\t\t\n\n\n<div class=\"wp-block-uagb-advanced-heading uagb-block-fe5e5376\"><h2 class=\"uagb-heading-text\">KREETA<\/h2><\/div>\n\n\n\n<p>Kreeta on Kreeka suurim saar ja Euroopa l\u00f5unapoolseim punkt. T\u00e4nu pehmele kliimale on teie puhkus v\u00e4ga meeldiv. Kreeta \u00f5hk on niiske (umbes 50%) ning kolmsada p\u00e4eva aastas pehme ja p\u00e4ikeseline ilm. Kui plaanite Kreekat k\u00fclastada, soovitame tungivalt alustada puhkust Kreeta saarelt. Just siit peaksite avastama k\u00f5ik selle kauni riigi elu- ja kultuurijooned.<\/p>\n\n\n\n<div class=\"wp-block-uagb-advanced-heading uagb-block-7c0f3fe5\"><h2 class=\"uagb-heading-text\">KOHTUGE KREETA!\u200b<\/h2><\/div>\n\n\n\n<p>Kreeta loodus on s\u00e4ilitanud oma p\u00f5lise, kirjeldamatu ilu. Saart peseb kristallselge veega Egeuse ja Liib\u00fca meri. Kreeta idak\u00fclg on lahtede, platoode, kiviste m\u00e4gede ja maaliliste k\u00fcngaste suurep\u00e4rane kombinatsioon. L\u00f5unak\u00fcljel, Kreeta saare ranniku l\u00e4hedal, on m\u00e4ekompleksid, kaljud ja kaljud, aga ka palju randu \u2013 liivaseid ja kiviklibuseid.\u200b<\/p>\n\n\n\n<p>Kreeta saart on korduvalt mainitud paljudes iidse perioodi legendides ja m\u00fc\u00fctides, siin saate t\u00e4nu erinevatele ekskursioonidele v\u00e4rskendada oma m\u00e4lu v\u00f5i \u00f5ppida midagi uut. Kreeta saar kuulub Minose maa alla, mis t\u00e4hendab, et just siin toimusid legendi s\u00fcndmused osavast k\u00e4sit\u00f6\u00f6lisest Daedalust ja tema unen\u00e4olisest pojast Ikarusest.\u200b<\/p>\n\n\n\n<p>Selle saare \u00fcks populaarsemaid vaatamisv\u00e4\u00e4rsusi on sellest legendist p\u00e4rit Knossose palee. Palee l\u00e4hedal on Minose maade linnade v\u00e4ljakaevamiskohad: Malia, Gostis, Festos, aga ka kuulus Knossose lab\u00fcrint, mille keskel ootas r\u00e4ndureid ohtlik Minotauros. Kaunite kunstide austajatele meeldib kindlasti siin asuv muuseum, mis on saanud nime kuulsa renessansiajastu looja El Greco j\u00e4rgi. Heitke pilk kaunile Zarose j\u00e4rvele ja seda \u00fcmbritsevale Matala rannale, kus on h\u00e4mmastavad punased kaljud ja paljud neoliitikumi koopad.\u200b<\/p>\n\n\n\n\t\t\t<div class=\"wp-block-uagb-post-grid uagb-post-grid  uagb-post__image-position-top uagb-post__image-enabled uagb-block-ba3cbf28     uagb-post__items uagb-post__columns-4 is-grid uagb-post__columns-tablet-2 uagb-post__columns-mobile-1 uagb-post__equal-height\" data-total=\"0\" style=\"\">\n\n\t\t\t\t\t\t\t\t\t<p class=\"uagb-post__no-posts\">\n\t\t\t\t\t\tNo post found!\t\t\t\t\t<\/p>\n\t\t\t\t\t\t\t\t<\/div>\n\t\t\t\n\n\n<div style=\"height:50px\" aria-hidden=\"true\" class=\"wp-block-spacer\"><\/div>","protected":false},"excerpt":{"rendered":"<p>KREETA Kreeta on Kreeka suurim saar ja Euroopa l\u00f5unapoolseim punkt. T\u00e4nu pehmele kliimale on teie puhkus v\u00e4ga meeldiv. Kreeta \u00f5hk on niiske (umbes 50%) ning kolmsada p\u00e4eva aastas pehme ja p\u00e4ikeseline ilm. Kui plaanite Kreekat k\u00fclastada, soovitame tungivalt alustada puhkust Kreeta saarelt. Just siit peaksite avastama k\u00f5ik selle kauni riigi elu- ja kultuurijooned. KOHTUGE KREETA!\u200b [&hellip;]<\/p>\n","protected":false},"author":1,"featured_media":0,"parent":0,"menu_order":0,"comment_status":"closed","ping_status":"closed","template":"","meta":{"_uag_custom_page_level_css":"","footnotes":""},"class_list":["post-2837","page","type-page","status-publish","hentry"],"uagb_featured_image_src":{"full":false,"thumbnail":false,"medium":false,"medium_large":false,"large":false,"1536x1536":false,"2048x2048":false,"trp-custom-language-flag":false},"uagb_author_info":{"display_name":"vmxwv","author_link":"https:\/\/nktours.ee\/ru\/author\/vmxwv\/"},"uagb_comment_info":0,"uagb_excerpt":"KREETA Kreeta on Kreeka suurim saar ja Euroopa l\u00f5unapoolseim punkt. T\u00e4nu pehmele kliimale on teie puhkus v\u00e4ga meeldiv. Kreeta \u00f5hk on niiske (umbes 50%) ning kolmsada p\u00e4eva aastas pehme ja p\u00e4ikeseline ilm. Kui plaanite Kreekat k\u00fclastada, soovitame tungivalt alustada puhkust Kreeta saarelt. Just siit peaksite avastama k\u00f5ik selle kauni riigi elu- ja kultuurijooned. KOHTUGE KREETA!\u200b&hellip;","_links":{"self":[{"href":"https:\/\/nktours.ee\/ru\/wp-json\/wp\/v2\/pages\/2837","targetHints":{"allow":["GET"]}}],"collection":[{"href":"https:\/\/nktours.ee\/ru\/wp-json\/wp\/v2\/pages"}],"about":[{"href":"https:\/\/nktours.ee\/ru\/wp-json\/wp\/v2\/types\/page"}],"author":[{"embeddable":true,"href":"https:\/\/nktours.ee\/ru\/wp-json\/wp\/v2\/users\/1"}],"replies":[{"embeddable":true,"href":"https:\/\/nktours.ee\/ru\/wp-json\/wp\/v2\/comments?post=2837"}],"version-history":[{"count":64,"href":"https:\/\/nktours.ee\/ru\/wp-json\/wp\/v2\/pages\/2837\/revisions"}],"predecessor-version":[{"id":4767,"href":"https:\/\/nktours.ee\/ru\/wp-json\/wp\/v2\/pages\/2837\/revisions\/4767"}],"wp:attachment":[{"href":"https:\/\/nktours.ee\/ru\/wp-json\/wp\/v2\/media?parent=2837"}],"curies":[{"name":"wp","href":"https:\/\/api.w.org\/{rel}","templated":true}]}}