{"id":252,"date":"2021-08-18T05:35:45","date_gmt":"2021-08-18T05:35:45","guid":{"rendered":"https:\/\/nktours.ee\/about\/"},"modified":"2024-08-25T09:07:09","modified_gmt":"2024-08-25T09:07:09","slug":"uudised","status":"publish","type":"page","link":"https:\/\/nktours.ee\/ru\/uudised\/","title":{"rendered":"\u041d\u043e\u0432\u043e\u0441\u0442\u0438"},"content":{"rendered":"\t\t<div data-elementor-type=\"wp-page\" data-elementor-id=\"252\" class=\"elementor elementor-252\" data-elementor-post-type=\"page\">\n\t\t\t\t\t\t<section class=\"elementor-section elementor-top-section elementor-element elementor-element-1336c617 elementor-section-height-min-height elementor-section-boxed elementor-section-height-default elementor-section-items-middle\" data-id=\"1336c617\" data-element_type=\"section\" data-e-type=\"section\" data-settings=\"{&quot;background_background&quot;:&quot;slideshow&quot;,&quot;background_slideshow_gallery&quot;:[{&quot;id&quot;:1506,&quot;url&quot;:&quot;https:\\\/\\\/nktours.ee\\\/wp-content\\\/uploads\\\/2023\\\/09\\\/beach-birds-sea-1852945.jpg&quot;},{&quot;id&quot;:1508,&quot;url&quot;:&quot;https:\\\/\\\/nktours.ee\\\/wp-content\\\/uploads\\\/2023\\\/09\\\/polynesia-french-polynesia-tahiti-3021072.jpg&quot;},{&quot;id&quot;:1512,&quot;url&quot;:&quot;https:\\\/\\\/nktours.ee\\\/wp-content\\\/uploads\\\/2023\\\/09\\\/maldives-tropics-tropical-1993704.jpg&quot;}],&quot;background_slideshow_loop&quot;:&quot;yes&quot;,&quot;background_slideshow_slide_duration&quot;:5000,&quot;background_slideshow_slide_transition&quot;:&quot;fade&quot;,&quot;background_slideshow_transition_duration&quot;:500}\">\n\t\t\t\t\t\t<div class=\"elementor-container elementor-column-gap-default\">\n\t\t\t\t\t<div class=\"elementor-column elementor-col-100 elementor-top-column elementor-element elementor-element-7f957220\" data-id=\"7f957220\" data-element_type=\"column\" data-e-type=\"column\">\n\t\t\t<div class=\"elementor-widget-wrap elementor-element-populated\">\n\t\t\t\t\t\t<div class=\"elementor-element elementor-element-617f05d8 elementor-widget elementor-widget-heading\" data-id=\"617f05d8\" data-element_type=\"widget\" data-e-type=\"widget\" data-widget_type=\"heading.default\">\n\t\t\t\t<div class=\"elementor-widget-container\">\n\t\t\t\t\t<h1 class=\"elementor-heading-title elementor-size-default\"> NK Tours<\/h1>\t\t\t\t<\/div>\n\t\t\t\t<\/div>\n\t\t\t\t\t<\/div>\n\t\t<\/div>\n\t\t\t\t\t<\/div>\n\t\t<\/section>\n\t\t<div class=\"elementor-element elementor-element-78a5d54 e-flex e-con-boxed e-con e-parent\" data-id=\"78a5d54\" data-element_type=\"container\" data-e-type=\"container\" data-settings=\"{&quot;background_background&quot;:&quot;classic&quot;}\">\n\t\t\t\t\t<div class=\"e-con-inner\">\n\t\t\t\t<div class=\"elementor-element elementor-element-1aca32b elementor-grid-3 elementor-grid-tablet-2 elementor-grid-mobile-1 elementor-posts--thumbnail-top elementor-widget elementor-widget-posts\" data-id=\"1aca32b\" data-element_type=\"widget\" data-e-type=\"widget\" data-settings=\"{&quot;classic_columns&quot;:&quot;3&quot;,&quot;classic_columns_tablet&quot;:&quot;2&quot;,&quot;classic_columns_mobile&quot;:&quot;1&quot;,&quot;classic_row_gap&quot;:{&quot;unit&quot;:&quot;px&quot;,&quot;size&quot;:35,&quot;sizes&quot;:[]},&quot;classic_row_gap_tablet&quot;:{&quot;unit&quot;:&quot;px&quot;,&quot;size&quot;:&quot;&quot;,&quot;sizes&quot;:[]},&quot;classic_row_gap_mobile&quot;:{&quot;unit&quot;:&quot;px&quot;,&quot;size&quot;:&quot;&quot;,&quot;sizes&quot;:[]}}\" data-widget_type=\"posts.classic\">\n\t\t\t\t<div class=\"elementor-widget-container\">\n\t\t\t\t\t\t\t<div class=\"elementor-posts-container elementor-posts elementor-posts--skin-classic elementor-grid\" role=\"list\">\n\t\t\t\t<article class=\"elementor-post elementor-grid-item post-5559 post type-post status-publish format-standard has-post-thumbnail hentry category-koolivaheaeg category-puhkus-egiptuses category-uudised category-viimase-hetke-pakkumised tag-al-674-eur\" role=\"listitem\">\n\t\t\t\t<a class=\"elementor-post__thumbnail__link\" href=\"https:\/\/nktours.ee\/ru\/domina-coral-bay-5-sharm-parim-hotell-peredele-paaridele-ja-noortele\/\" tabindex=\"-1\" >\n\t\t\t<div class=\"elementor-post__thumbnail\"><img fetchpriority=\"high\" decoding=\"async\" width=\"300\" height=\"200\" src=\"https:\/\/nktours.ee\/wp-content\/uploads\/2025\/07\/Domina-Coral-Bay-Harem-3-300x200.jpg\" class=\"attachment-medium size-medium wp-image-5560\" alt=\"\" srcset=\"https:\/\/nktours.ee\/wp-content\/uploads\/2025\/07\/Domina-Coral-Bay-Harem-3-300x200.jpg 300w, https:\/\/nktours.ee\/wp-content\/uploads\/2025\/07\/Domina-Coral-Bay-Harem-3-768x512.jpg 768w, https:\/\/nktours.ee\/wp-content\/uploads\/2025\/07\/Domina-Coral-Bay-Harem-3-18x12.jpg 18w, https:\/\/nktours.ee\/wp-content\/uploads\/2025\/07\/Domina-Coral-Bay-Harem-3.jpg 900w\" sizes=\"(max-width: 300px) 100vw, 300px\" \/><\/div>\n\t\t<\/a>\n\t\t\t\t<div class=\"elementor-post__text\">\n\t\t\t\t<h3 class=\"elementor-post__title\">\n\t\t\t<a href=\"https:\/\/nktours.ee\/ru\/domina-coral-bay-5-sharm-parim-hotell-peredele-paaridele-ja-noortele\/\" >\n\t\t\t\tDomina Coral Bay 5* Sharm. Parim hotell peredele, paaridele ja noortele!\t\t\t<\/a>\n\t\t<\/h3>\n\t\t\t\t<div class=\"elementor-post__excerpt\">\n\t\t\t<p>K\u00fcsi pakkumist soovitud v\u00e4ljumisele ja hotellile! +372 58058471 info@nktours.ee Domina Coral Bay 5* \/k\u00f5ik hinnas Suur kuurortkompleks Punase mere \u00e4\u00e4res, Sharm el Sheikhis (Egiptus)\u00dcle 1,8 km randa ja oma korallrahu.Koosneb seitsmest eri tasemega hotellist \u2013 majutus alates \u00f6konoomsest kuni luksuseniKuulub Itaalia hotelliketile Domina Hotels. N\u00e4idispakkumine:hind kahele kokku, 7 \u00f6\u00f6dHarem kompleksLastele<\/p>\n\t\t<\/div>\n\t\t\n\t\t<a class=\"elementor-post__read-more\" href=\"https:\/\/nktours.ee\/ru\/domina-coral-bay-5-sharm-parim-hotell-peredele-paaridele-ja-noortele\/\" aria-label=\"Read more about Domina Coral Bay 5* Sharm. Parim hotell peredele, paaridele ja noortele!\" tabindex=\"-1\" >\n\t\t\tLoe edasi \u00bb\t\t<\/a>\n\n\t\t\t\t<\/div>\n\t\t\t\t<\/article>\n\t\t\t\t<article class=\"elementor-post elementor-grid-item post-5512 post type-post status-publish format-standard has-post-thumbnail hentry category-uudised category-viimase-hetke-pakkumised tag-al-408-eur\" role=\"listitem\">\n\t\t\t\t<a class=\"elementor-post__thumbnail__link\" href=\"https:\/\/nktours.ee\/ru\/viimase-hetke-pakkumised-egiptusesse-15-23-31-07\/\" tabindex=\"-1\" >\n\t\t\t<div class=\"elementor-post__thumbnail\"><img decoding=\"async\" width=\"300\" height=\"126\" src=\"https:\/\/nktours.ee\/wp-content\/uploads\/2024\/11\/news_1240x520_min_88a7f15d40-300x126.jpg\" class=\"attachment-medium size-medium wp-image-5241\" alt=\"\" srcset=\"https:\/\/nktours.ee\/wp-content\/uploads\/2024\/11\/news_1240x520_min_88a7f15d40-300x126.jpg 300w, https:\/\/nktours.ee\/wp-content\/uploads\/2024\/11\/news_1240x520_min_88a7f15d40-1024x429.jpg 1024w, https:\/\/nktours.ee\/wp-content\/uploads\/2024\/11\/news_1240x520_min_88a7f15d40-768x322.jpg 768w, https:\/\/nktours.ee\/wp-content\/uploads\/2024\/11\/news_1240x520_min_88a7f15d40-18x8.jpg 18w, https:\/\/nktours.ee\/wp-content\/uploads\/2024\/11\/news_1240x520_min_88a7f15d40.jpg 1240w\" sizes=\"(max-width: 300px) 100vw, 300px\" \/><\/div>\n\t\t<\/a>\n\t\t\t\t<div class=\"elementor-post__text\">\n\t\t\t\t<h3 class=\"elementor-post__title\">\n\t\t\t<a href=\"https:\/\/nktours.ee\/ru\/viimase-hetke-pakkumised-egiptusesse-15-23-31-07\/\" >\n\t\t\t\tViimase hetke pakkumised Egiptusesse alates 408 Eur! 15, 23, 31.07\t\t\t<\/a>\n\t\t<\/h3>\n\t\t\t\t<div class=\"elementor-post__excerpt\">\n\t\t\t<p>Hind inimese kohta kaheses toas. Lastele soodustused! K\u00fcsi pakkumist soovitud v\u00e4ljumisele ja hotellile! +372 58058471 info@nktours.ee N\u00e4idispakkumine: Sharm El Sheikh, 7 \u00f6\u00f6d, otsereis Tallinnast Il Mercato Hotel 5*\/k\u00f5ik hinnas (23.07)alates 576 Eur Parrotel Lagoon Resort 5*\/k\u00f5ik hinnasalates 597 Eur The Grand Sharm Sharm 5*\/k\u00f5ik hinnasalates 625 Eur Naama Bay Promenade<\/p>\n\t\t<\/div>\n\t\t\n\t\t<a class=\"elementor-post__read-more\" href=\"https:\/\/nktours.ee\/ru\/viimase-hetke-pakkumised-egiptusesse-15-23-31-07\/\" aria-label=\"Read more about Viimase hetke pakkumised Egiptusesse alates 408 Eur! 15, 23, 31.07\" tabindex=\"-1\" >\n\t\t\tLoe edasi \u00bb\t\t<\/a>\n\n\t\t\t\t<\/div>\n\t\t\t\t<\/article>\n\t\t\t\t<article class=\"elementor-post elementor-grid-item post-5507 post type-post status-publish format-standard has-post-thumbnail hentry category-puhkus-turgis category-uudised category-viimase-hetke-pakkumised tag-al-639-eur\" role=\"listitem\">\n\t\t\t\t<a class=\"elementor-post__thumbnail__link\" href=\"https:\/\/nktours.ee\/ru\/juuli-viimase-hetke-pakkumised-turgi\/\" tabindex=\"-1\" >\n\t\t\t<div class=\"elementor-post__thumbnail\"><img decoding=\"async\" width=\"300\" height=\"202\" src=\"https:\/\/nktours.ee\/wp-content\/uploads\/2025\/07\/pexels-photo-2507007-2507007-1-300x202.jpg\" class=\"attachment-medium size-medium wp-image-5511\" alt=\"Relaxing oceanfront cabana in Bodrum, perfect for vacation and remote work.\" srcset=\"https:\/\/nktours.ee\/wp-content\/uploads\/2025\/07\/pexels-photo-2507007-2507007-1-300x202.jpg 300w, https:\/\/nktours.ee\/wp-content\/uploads\/2025\/07\/pexels-photo-2507007-2507007-1-18x12.jpg 18w, https:\/\/nktours.ee\/wp-content\/uploads\/2025\/07\/pexels-photo-2507007-2507007-1.jpg 520w\" sizes=\"(max-width: 300px) 100vw, 300px\" \/><\/div>\n\t\t<\/a>\n\t\t\t\t<div class=\"elementor-post__text\">\n\t\t\t\t<h3 class=\"elementor-post__title\">\n\t\t\t<a href=\"https:\/\/nktours.ee\/ru\/juuli-viimase-hetke-pakkumised-turgi\/\" >\n\t\t\t\tJuuli viimase hetke pakkumised! T\u00fcrgi\t\t\t<\/a>\n\t\t<\/h3>\n\t\t\t\t<div class=\"elementor-post__excerpt\">\n\t\t\t<p>Hind inimese kohta kaheses toas. Lastele soodustused! K\u00fcsi pakkumist soovitud v\u00e4ljumisele ja hotellile! +372 58058471 info@nktours.ee N\u00e4idispakkumine: 7 \u00f6\u00f6d, otsereis Tallinnast Miarosa Konakli Garden 4*\u00a0\/Alanya\/AI639 \u20ac Club Hotel Anjeliq 5*\/Alanya\/UAI (28.07)642 \u20ac Lake River Hotel 5*\/Side\/UAI (28.07)761 \u20ac Viking Star 5*\/Kemer\/AI781 \u20ac Port River Spa 5*\/Side\/UAI (28.07)802 \u20ac Asteria Family<\/p>\n\t\t<\/div>\n\t\t\n\t\t<a class=\"elementor-post__read-more\" href=\"https:\/\/nktours.ee\/ru\/juuli-viimase-hetke-pakkumised-turgi\/\" aria-label=\"Read more about Juuli viimase hetke pakkumised! T\u00fcrgi\" tabindex=\"-1\" >\n\t\t\tLoe edasi \u00bb\t\t<\/a>\n\n\t\t\t\t<\/div>\n\t\t\t\t<\/article>\n\t\t\t\t<article class=\"elementor-post elementor-grid-item post-5503 post type-post status-publish format-standard has-post-thumbnail hentry category-puhkus-tuneesias category-puhkus-turgis category-uudised category-viimase-hetke-pakkumised tag-al-567-eur\" role=\"listitem\">\n\t\t\t\t<a class=\"elementor-post__thumbnail__link\" href=\"https:\/\/nktours.ee\/ru\/superhindade-kampaania-30-06-turgi-2\/\" tabindex=\"-1\" >\n\t\t\t<div class=\"elementor-post__thumbnail\"><img loading=\"lazy\" decoding=\"async\" width=\"195\" height=\"130\" src=\"https:\/\/nktours.ee\/wp-content\/uploads\/2025\/07\/pexels-photo-1371360-1371360.jpg\" class=\"attachment-medium size-medium wp-image-5504\" alt=\"Asian woman relishing a serene boat journey through the lush karst landscape of Thailand&#039;s Khlong Sok.\" srcset=\"https:\/\/nktours.ee\/wp-content\/uploads\/2025\/07\/pexels-photo-1371360-1371360.jpg 195w, https:\/\/nktours.ee\/wp-content\/uploads\/2025\/07\/pexels-photo-1371360-1371360-18x12.jpg 18w\" sizes=\"(max-width: 195px) 100vw, 195px\" \/><\/div>\n\t\t<\/a>\n\t\t\t\t<div class=\"elementor-post__text\">\n\t\t\t\t<h3 class=\"elementor-post__title\">\n\t\t\t<a href=\"https:\/\/nktours.ee\/ru\/superhindade-kampaania-30-06-turgi-2\/\" >\n\t\t\t\tSooduspakkumised! Bodrum, Antalya, Tuneesia\t\t\t<\/a>\n\t\t<\/h3>\n\t\t\t\t<div class=\"elementor-post__excerpt\">\n\t\t\t<p>Hind inimese kohta kaheses toas. Lastele soodustused! K\u00fcsi pakkumist soovitud v\u00e4ljumisele ja hotellile! +372 58058471 info@nktours.ee Ideaalne pakkumine neile, kes otsivad p\u00e4ikest ka siis, kui teised juba mantlites k\u00e4ivad.\u00a070 \u20ac soodustus kehtib broneeringutele Bodrumisse ning 2025\/2026 talvehooaja sihtkohtadesse. Hind inimese kohta kaheses toas, lastele odavam. AI &#8211; k\u00f5ik hinnasUAI &#8211;<\/p>\n\t\t<\/div>\n\t\t\n\t\t<a class=\"elementor-post__read-more\" href=\"https:\/\/nktours.ee\/ru\/superhindade-kampaania-30-06-turgi-2\/\" aria-label=\"Read more about Sooduspakkumised! Bodrum, Antalya, Tuneesia\" tabindex=\"-1\" >\n\t\t\tLoe edasi \u00bb\t\t<\/a>\n\n\t\t\t\t<\/div>\n\t\t\t\t<\/article>\n\t\t\t\t<article class=\"elementor-post elementor-grid-item post-5500 post type-post status-publish format-standard has-post-thumbnail hentry category-puhkus-turgis category-uudised category-viimase-hetke-pakkumised tag-al-458-eur\" role=\"listitem\">\n\t\t\t\t<a class=\"elementor-post__thumbnail__link\" href=\"https:\/\/nktours.ee\/ru\/superhindade-kampaania-30-06-turgi\/\" tabindex=\"-1\" >\n\t\t\t<div class=\"elementor-post__thumbnail\"><img loading=\"lazy\" decoding=\"async\" width=\"300\" height=\"228\" src=\"https:\/\/nktours.ee\/wp-content\/uploads\/2024\/08\/turk2-mink-min-min-300x228.jpg\" class=\"attachment-medium size-medium wp-image-4837\" alt=\"\" srcset=\"https:\/\/nktours.ee\/wp-content\/uploads\/2024\/08\/turk2-mink-min-min-300x228.jpg 300w, https:\/\/nktours.ee\/wp-content\/uploads\/2024\/08\/turk2-mink-min-min-768x584.jpg 768w, https:\/\/nktours.ee\/wp-content\/uploads\/2024\/08\/turk2-mink-min-min-16x12.jpg 16w, https:\/\/nktours.ee\/wp-content\/uploads\/2024\/08\/turk2-mink-min-min.jpg 782w\" sizes=\"(max-width: 300px) 100vw, 300px\" \/><\/div>\n\t\t<\/a>\n\t\t\t\t<div class=\"elementor-post__text\">\n\t\t\t\t<h3 class=\"elementor-post__title\">\n\t\t\t<a href=\"https:\/\/nktours.ee\/ru\/superhindade-kampaania-30-06-turgi\/\" >\n\t\t\t\tSUPERHINDADE kampaania \u2013 30.06 T\u00fcrgi!\t\t\t<\/a>\n\t\t<\/h3>\n\t\t\t\t<div class=\"elementor-post__excerpt\">\n\t\t\t<p>Hind inimese kohta kaheses toas. Lastele soodustused! K\u00fcsi pakkumist soovitud v\u00e4ljumisele ja hotellile! +372 58058471 info@nktours.ee N\u00e4idispakkumine: 7 \u00f6\u00f6d, otsereis Tallinnast ANTALYA 30.06 v\u00e4ljumise pakkumised Superhindade kampaania raames!\u00a0 Miarosa Konakli Garden 4****\u00a0(Konakli) ALL458 \u20ac Miarosa Incekum Beach 5***** (Incekum) UAI 582 \u20ac Tac Premier Hotel 4****\u00a0(Alanya Merkez) ALL601 \u20ac Miarosa<\/p>\n\t\t<\/div>\n\t\t\n\t\t<a class=\"elementor-post__read-more\" href=\"https:\/\/nktours.ee\/ru\/superhindade-kampaania-30-06-turgi\/\" aria-label=\"Read more about SUPERHINDADE kampaania \u2013 30.06 T\u00fcrgi!\" tabindex=\"-1\" >\n\t\t\tLoe edasi \u00bb\t\t<\/a>\n\n\t\t\t\t<\/div>\n\t\t\t\t<\/article>\n\t\t\t\t<article class=\"elementor-post elementor-grid-item post-5497 post type-post status-publish format-standard has-post-thumbnail hentry category-puhkus-turgis category-uudised category-viimase-hetke-pakkumised tag-al-367-eur\" role=\"listitem\">\n\t\t\t\t<a class=\"elementor-post__thumbnail__link\" href=\"https:\/\/nktours.ee\/ru\/superhindade-kampaania-juuni-juuli-ja-augusti-antalya-ja-sharm-el-sheikhi-valjumistele-alates-367-eur-7-ood\/\" tabindex=\"-1\" >\n\t\t\t<div class=\"elementor-post__thumbnail\"><img loading=\"lazy\" decoding=\"async\" width=\"300\" height=\"200\" src=\"https:\/\/nktours.ee\/wp-content\/uploads\/2024\/08\/cappadocia-hot-air-balloon-flights-history-2-1024x683-1-300x200.jpg\" class=\"attachment-medium size-medium wp-image-4809\" alt=\"\" srcset=\"https:\/\/nktours.ee\/wp-content\/uploads\/2024\/08\/cappadocia-hot-air-balloon-flights-history-2-1024x683-1-300x200.jpg 300w, https:\/\/nktours.ee\/wp-content\/uploads\/2024\/08\/cappadocia-hot-air-balloon-flights-history-2-1024x683-1-768x512.jpg 768w, https:\/\/nktours.ee\/wp-content\/uploads\/2024\/08\/cappadocia-hot-air-balloon-flights-history-2-1024x683-1-18x12.jpg 18w, https:\/\/nktours.ee\/wp-content\/uploads\/2024\/08\/cappadocia-hot-air-balloon-flights-history-2-1024x683-1.jpg 1024w\" sizes=\"(max-width: 300px) 100vw, 300px\" \/><\/div>\n\t\t<\/a>\n\t\t\t\t<div class=\"elementor-post__text\">\n\t\t\t\t<h3 class=\"elementor-post__title\">\n\t\t\t<a href=\"https:\/\/nktours.ee\/ru\/superhindade-kampaania-juuni-juuli-ja-augusti-antalya-ja-sharm-el-sheikhi-valjumistele-alates-367-eur-7-ood\/\" >\n\t\t\t\tSUPERHINDADE kampaania \u2013 juuni, juuli ja augusti Antalya ja Sharm El Sheikhi v\u00e4ljumistele! Alates 367 Eur 7 \u00f6\u00f6d!\t\t\t<\/a>\n\t\t<\/h3>\n\t\t\t\t<div class=\"elementor-post__excerpt\">\n\t\t\t<p>Hind inimese kohta kaheses toas. Lastele soodustused! K\u00fcsi pakkumist soovitud v\u00e4ljumisele ja hotellile! +372 58058471 info@nktours.ee N\u00e4idispakkumine: 7 \u00f6\u00f6d, otsereis Tallinnast Prestige Alanya 5*\/Alanya\/AI (30.06)531 Eur Asteria Family Side 5*\/Side\/UAI (04.07)788 Eur Lake River Side 5*\/Antalya\/UAI (26.06)739 Eur Dizalya Palm Garden 5*\/Alanya\/UAI (04.07)807 Eur Asteria Family Belek (Ex.Aquaworld Belek) 5*\/Belek\/UAI<\/p>\n\t\t<\/div>\n\t\t\n\t\t<a class=\"elementor-post__read-more\" href=\"https:\/\/nktours.ee\/ru\/superhindade-kampaania-juuni-juuli-ja-augusti-antalya-ja-sharm-el-sheikhi-valjumistele-alates-367-eur-7-ood\/\" aria-label=\"Read more about SUPERHINDADE kampaania \u2013 juuni, juuli ja augusti Antalya ja Sharm El Sheikhi v\u00e4ljumistele! Alates 367 Eur 7 \u00f6\u00f6d!\" tabindex=\"-1\" >\n\t\t\tLoe edasi \u00bb\t\t<\/a>\n\n\t\t\t\t<\/div>\n\t\t\t\t<\/article>\n\t\t\t\t<\/div>\n\t\t\n\t\t\t\t\t\t<\/div>\n\t\t\t\t<\/div>\n\t\t\t\t\t<\/div>\n\t\t\t\t<\/div>\n\t\t\t\t<section class=\"elementor-section elementor-top-section elementor-element elementor-element-bfeba12 elementor-section-content-middle elementor-section-boxed elementor-section-height-default elementor-section-height-default\" data-id=\"bfeba12\" data-element_type=\"section\" data-e-type=\"section\" data-settings=\"{&quot;background_background&quot;:&quot;classic&quot;}\">\n\t\t\t\t\t\t<div class=\"elementor-container elementor-column-gap-default\">\n\t\t\t\t\t<div class=\"elementor-column elementor-col-100 elementor-top-column elementor-element elementor-element-3bee8fb8\" data-id=\"3bee8fb8\" data-element_type=\"column\" data-e-type=\"column\">\n\t\t\t<div class=\"elementor-widget-wrap elementor-element-populated\">\n\t\t\t\t\t\t<div class=\"elementor-element elementor-element-4e059b51 elementor-widget elementor-widget-heading\" data-id=\"4e059b51\" data-element_type=\"widget\" data-e-type=\"widget\" data-widget_type=\"heading.default\">\n\t\t\t\t<div class=\"elementor-widget-container\">\n\t\t\t\t\t<h2 class=\"elementor-heading-title elementor-size-default\">Liitu meie reisiuudiskirjadega<\/h2>\t\t\t\t<\/div>\n\t\t\t\t<\/div>\n\t\t\t\t<div class=\"elementor-element elementor-element-4bcfef7 elementor-align-center elementor-widget elementor-widget-button\" data-id=\"4bcfef7\" data-element_type=\"widget\" data-e-type=\"widget\" data-widget_type=\"button.default\">\n\t\t\t\t<div class=\"elementor-widget-container\">\n\t\t\t\t\t\t\t\t\t<div class=\"elementor-button-wrapper\">\n\t\t\t\t\t<a class=\"elementor-button elementor-button-link elementor-size-sm\" href=\"#elementor-action%3Aaction%3Dpopup%3Aopen%26settings%3DeyJpZCI6IjE4MTIiLCJ0b2dnbGUiOmZhbHNlfQ%3D%3D\">\n\t\t\t\t\t\t<span class=\"elementor-button-content-wrapper\">\n\t\t\t\t\t\t<span class=\"elementor-button-icon\">\n\t\t\t\t<i aria-hidden=\"true\" class=\"far fa-check-circle\"><\/i>\t\t\t<\/span>\n\t\t\t\t\t\t\t\t\t<span class=\"elementor-button-text\">LIITU<\/span>\n\t\t\t\t\t<\/span>\n\t\t\t\t\t<\/a>\n\t\t\t\t<\/div>\n\t\t\t\t\t\t\t\t<\/div>\n\t\t\t\t<\/div>\n\t\t\t\t\t<\/div>\n\t\t<\/div>\n\t\t\t\t\t<\/div>\n\t\t<\/section>\n\t\t\t\t<\/div>\n\t\t","protected":false},"excerpt":{"rendered":"<p>NK Tours Liitu meie reisiuudiskirjadega LIITU<\/p>","protected":false},"author":1,"featured_media":0,"parent":0,"menu_order":0,"comment_status":"closed","ping_status":"closed","template":"elementor_header_footer","meta":{"_uag_custom_page_level_css":"","footnotes":""},"class_list":["post-252","page","type-page","status-publish","hentry"],"uagb_featured_image_src":{"full":false,"thumbnail":false,"medium":false,"medium_large":false,"large":false,"1536x1536":false,"2048x2048":false,"trp-custom-language-flag":false},"uagb_author_info":{"display_name":"vmxwv","author_link":"https:\/\/nktours.ee\/ru\/author\/vmxwv\/"},"uagb_comment_info":0,"uagb_excerpt":"NK Tours Liitu meie reisiuudiskirjadega LIITU","_links":{"self":[{"href":"https:\/\/nktours.ee\/ru\/wp-json\/wp\/v2\/pages\/252","targetHints":{"allow":["GET"]}}],"collection":[{"href":"https:\/\/nktours.ee\/ru\/wp-json\/wp\/v2\/pages"}],"about":[{"href":"https:\/\/nktours.ee\/ru\/wp-json\/wp\/v2\/types\/page"}],"author":[{"embeddable":true,"href":"https:\/\/nktours.ee\/ru\/wp-json\/wp\/v2\/users\/1"}],"replies":[{"embeddable":true,"href":"https:\/\/nktours.ee\/ru\/wp-json\/wp\/v2\/comments?post=252"}],"version-history":[{"count":99,"href":"https:\/\/nktours.ee\/ru\/wp-json\/wp\/v2\/pages\/252\/revisions"}],"predecessor-version":[{"id":5015,"href":"https:\/\/nktours.ee\/ru\/wp-json\/wp\/v2\/pages\/252\/revisions\/5015"}],"wp:attachment":[{"href":"https:\/\/nktours.ee\/ru\/wp-json\/wp\/v2\/media?parent=252"}],"curies":[{"name":"wp","href":"https:\/\/api.w.org\/{rel}","templated":true}]}}